{"id":53610,"date":"2021-02-27T15:37:41","date_gmt":"2021-02-27T14:37:41","guid":{"rendered":"https:\/\/renovation-partner.com\/accueil\/"},"modified":"2022-11-18T10:25:52","modified_gmt":"2022-11-18T09:25:52","slug":"accueil","status":"publish","type":"page","link":"https:\/\/renovation-partner.com\/fr\/","title":{"rendered":"Accueil"},"content":{"rendered":"<p>[et_pb_section fb_built=\u00a0\u00bb1&Prime; fullwidth=\u00a0\u00bbon\u00a0\u00bb admin_label=\u00a0\u00bbHero\u00a0\u00bb _builder_version=\u00a0\u00bb4.16&Prime; _module_preset=\u00a0\u00bbdefault\u00a0\u00bb global_colors_info=\u00a0\u00bb{}\u00a0\u00bb][et_pb_fullwidth_slider _builder_version=\u00a0\u00bb4.18.0&Prime; _module_preset=\u00a0\u00bbdefault\u00a0\u00bb header_line_height=\u00a0\u00bb4rem\u00a0\u00bb body_font_size=\u00a0\u00bb2rem\u00a0\u00bb body_line_height=\u00a0\u00bb3rem\u00a0\u00bb header_text_align_tablet=\u00a0\u00bb\u00a0\u00bb header_text_align_phone=\u00a0\u00bbleft\u00a0\u00bb header_text_align_last_edited=\u00a0\u00bbon|phone\u00a0\u00bb header_font_size_tablet=\u00a0\u00bb\u00a0\u00bb header_font_size_phone=\u00a0\u00bb40px\u00a0\u00bb header_font_size_last_edited=\u00a0\u00bbon|phone\u00a0\u00bb body_text_align_tablet=\u00a0\u00bb\u00a0\u00bb body_text_align_phone=\u00a0\u00bbleft\u00a0\u00bb body_text_align_last_edited=\u00a0\u00bbon|phone\u00a0\u00bb button_alignment_tablet=\u00a0\u00bb\u00a0\u00bb button_alignment_phone=\u00a0\u00bbleft\u00a0\u00bb button_alignment_last_edited=\u00a0\u00bbon|phone\u00a0\u00bb border_radii=\u00a0\u00bbon|5px|5px|5px|5px\u00a0\u00bb global_colors_info=\u00a0\u00bb{}\u00a0\u00bb button_bg_color__hover_enabled=\u00a0\u00bbon|hover\u00a0\u00bb button_bg_color__hover=\u00a0\u00bb#6B8596&Prime; button_bg_enable_color__hover=\u00a0\u00bbon\u00a0\u00bb button_text_color__hover_enabled=\u00a0\u00bbon|desktop\u00a0\u00bb][et_pb_slide heading=\u00a0\u00bbVotre r\u00e9novation en toute s\u00e9r\u00e9nit\u00e9\u00a0\u00bb button_text=\u00a0\u00bbEstimation sous 24h\u00a0\u00bb button_link=\u00a0\u00bb@ET-DC@eyJkeW5hbWljIjp0cnVlLCJjb250ZW50IjoicG9zdF9saW5rX3VybF9mb3JtIiwic2V0dGluZ3MiOnsicG9zdF9pZCI6IjUyNzgyIn19@\u00a0\u00bb use_bg_overlay=\u00a0\u00bbon\u00a0\u00bb _builder_version=\u00a0\u00bb4.18.0&Prime; _dynamic_attributes=\u00a0\u00bbbutton_link\u00a0\u00bb _module_preset=\u00a0\u00bbdefault\u00a0\u00bb body_font_size=\u00a0\u00bb1.2rem\u00a0\u00bb body_line_height=\u00a0\u00bb1.8rem\u00a0\u00bb background_color=\u00a0\u00bbrgba(0,0,0,0.25)\u00a0\u00bb background_enable_color=\u00a0\u00bbon\u00a0\u00bb background_image=\u00a0\u00bbhttps:\/\/renovation-partner.com\/wp-content\/uploads\/2022\/10\/accueil.jpg\u00a0\u00bb background_enable_image=\u00a0\u00bbon\u00a0\u00bb custom_button=\u00a0\u00bbon\u00a0\u00bb button_bg_color=\u00a0\u00bb#E8D323&Prime; button_border_width=\u00a0\u00bb0px\u00a0\u00bb button_border_color=\u00a0\u00bbRGBA(255,255,255,0)\u00a0\u00bb button_font=\u00a0\u00bb|||on|||||\u00a0\u00bb button_use_icon=\u00a0\u00bboff\u00a0\u00bb global_colors_info=\u00a0\u00bb{}\u00a0\u00bb sticky_transition=\u00a0\u00bbon\u00a0\u00bb]<\/p>\n<p><span style=\"font-weight: 400;\">Notre fa\u00e7on, la plus s\u00fbre<\/span><\/p>\n<p>[\/et_pb_slide][et_pb_slide heading=\u00a0\u00bb Documentation \u00a0\u00bb button_text=\u00a0\u00bbEn savoir plus\u00a0\u00bb button_link=\u00a0\u00bb@ET-DC@eyJkeW5hbWljIjp0cnVlLCJjb250ZW50IjoicG9zdF9saW5rX3VybF9wYWdlIiwic2V0dGluZ3MiOnsicG9zdF9pZCI6IjUwOTQ3In19@\u00a0\u00bb use_bg_overlay=\u00a0\u00bbon\u00a0\u00bb _builder_version=\u00a0\u00bb4.18.0&Prime; _dynamic_attributes=\u00a0\u00bbbutton_link\u00a0\u00bb _module_preset=\u00a0\u00bbdefault\u00a0\u00bb background_color=\u00a0\u00bbrgba(0,0,0,0.25)\u00a0\u00bb background_enable_color=\u00a0\u00bbon\u00a0\u00bb background_image=\u00a0\u00bbhttps:\/\/renovation-partner.com\/wp-content\/uploads\/2022\/10\/accueil.jpg\u00a0\u00bb background_enable_image=\u00a0\u00bbon\u00a0\u00bb header_font_size_tablet=\u00a0\u00bb\u00a0\u00bb header_font_size_phone=\u00a0\u00bb35px\u00a0\u00bb header_font_size_last_edited=\u00a0\u00bbon|phone\u00a0\u00bb global_colors_info=\u00a0\u00bb{}\u00a0\u00bb sticky_transition=\u00a0\u00bbon\u00a0\u00bb][\/et_pb_slide][et_pb_slide heading=\u00a0\u00bbUne m\u00e9thodologie unique : \u00a0\u00bb button_text=\u00a0\u00bbEn savoir plus\u00a0\u00bb button_link=\u00a0\u00bb@ET-DC@eyJkeW5hbWljIjp0cnVlLCJjb250ZW50IjoicG9zdF9saW5rX3VybF9wYWdlIiwic2V0dGluZ3MiOnsicG9zdF9pZCI6IjUyMzcyIn19@\u00a0\u00bb use_bg_overlay=\u00a0\u00bbon\u00a0\u00bb _builder_version=\u00a0\u00bb4.18.0&Prime; _dynamic_attributes=\u00a0\u00bbbutton_link\u00a0\u00bb _module_preset=\u00a0\u00bbdefault\u00a0\u00bb body_font_size=\u00a0\u00bb1.2rem\u00a0\u00bb body_line_height=\u00a0\u00bb1.8rem\u00a0\u00bb background_color=\u00a0\u00bbrgba(0,0,0,0.25)\u00a0\u00bb background_enable_color=\u00a0\u00bbon\u00a0\u00bb background_image=\u00a0\u00bbhttps:\/\/renovation-partner.com\/wp-content\/uploads\/2022\/10\/accueil.jpg\u00a0\u00bb background_enable_image=\u00a0\u00bbon\u00a0\u00bb header_font_size_tablet=\u00a0\u00bb\u00a0\u00bb header_font_size_phone=\u00a0\u00bb35px\u00a0\u00bb header_font_size_last_edited=\u00a0\u00bbon|phone\u00a0\u00bb global_colors_info=\u00a0\u00bb{}\u00a0\u00bb sticky_transition=\u00a0\u00bbon\u00a0\u00bb]<\/p>\n<p>Tous les acteurs de la r\u00e9novation, directement op\u00e9rationnels et dirig\u00e9s par votre repr\u00e9sentant personnel et avec l&rsquo;assistance de <a href=\"https:\/\/gm-avocats.com\/\" target=\"_blank\" rel=\"noopener\">GM Avocats<\/a> pour assurer la s\u00e9curit\u00e9 de votre projet.<\/p>\n<p>[\/et_pb_slide][\/et_pb_fullwidth_slider][\/et_pb_section][et_pb_section fb_built=\u00a0\u00bb1&Prime; admin_label=\u00a0\u00bbEdito\u00a0\u00bb _builder_version=\u00a0\u00bb4.17.1&Prime; _module_preset=\u00a0\u00bbdefault\u00a0\u00bb background_color=\u00a0\u00bb#FFFFFF\u00a0\u00bb global_colors_info=\u00a0\u00bb{}\u00a0\u00bb][et_pb_row column_structure=\u00a0\u00bb1_2,1_2&Prime; make_equal=\u00a0\u00bbon\u00a0\u00bb _builder_version=\u00a0\u00bb4.18.0&Prime; _module_preset=\u00a0\u00bbdefault\u00a0\u00bb custom_padding=\u00a0\u00bb60px||60px||true|false\u00a0\u00bb global_colors_info=\u00a0\u00bb{}\u00a0\u00bb][et_pb_column type=\u00a0\u00bb1_2&Prime; _builder_version=\u00a0\u00bb4.18.0&Prime; _module_preset=\u00a0\u00bbdefault\u00a0\u00bb global_colors_info=\u00a0\u00bb{}\u00a0\u00bb][et_pb_text _builder_version=\u00a0\u00bb4.18.0&Prime; _module_preset=\u00a0\u00bbdefault\u00a0\u00bb text_text_color=\u00a0\u00bb#6B8596&Prime; text_font_size=\u00a0\u00bb1rem\u00a0\u00bb header_text_color=\u00a0\u00bb#162E24&Prime; header_font_size=\u00a0\u00bb3rem\u00a0\u00bb global_colors_info=\u00a0\u00bb{}\u00a0\u00bb]<\/p>\n<h1>Renovation Partner<\/h1>\n<p>Renovation Partner est n\u00e9 d&rsquo;un constat : la r\u00e9alisation de travaux de r\u00e9novation en France est notoirement un cauchemar pour tout propri\u00e9taire priv\u00e9 devant traiter directement avec des ouvriers du b\u00e2timent : d\u00e9lais d\u00e9pass\u00e9s, ouvriers peu fiables.<\/p>\n<p>Et lorsque le propri\u00e9taire priv\u00e9 est un \u00e9tranger, parlant mal ou pas du tout le fran\u00e7ais, cela devient un v\u00e9ritable enfer.<\/p>\n<p>Renovation Partner a une ambition : donner au propri\u00e9taire priv\u00e9 le pouvoir sur ses travaux de r\u00e9novation. Renovation Partner a cr\u00e9\u00e9 la solution : r\u00e9unir sous un m\u00eame toit tous les intervenants, dirig\u00e9s par un mandataire sp\u00e9cial agissant dans l&rsquo;int\u00e9r\u00eat du propri\u00e9taire priv\u00e9 et parlant sa langue, et avec l&rsquo;assistance de <a href=\"https:\/\/gm-avocats.com\/\" target=\"_blank\" rel=\"noopener\">GM Avocats<\/a> pour assurer la s\u00e9curit\u00e9 de votre projet<\/p>\n<p>[\/et_pb_text][et_pb_button button_url=\u00a0\u00bb@ET-DC@eyJkeW5hbWljIjp0cnVlLCJjb250ZW50IjoicG9zdF9saW5rX3VybF9wYWdlIiwic2V0dGluZ3MiOnsicG9zdF9pZCI6IjI5NyJ9fQ==@\u00a0\u00bb button_text=\u00a0\u00bbEn savoir plus\u00a0\u00bb button_alignment=\u00a0\u00bbright\u00a0\u00bb _builder_version=\u00a0\u00bb4.18.0&Prime; _dynamic_attributes=\u00a0\u00bbbutton_url\u00a0\u00bb _module_preset=\u00a0\u00bbdefault\u00a0\u00bb custom_button=\u00a0\u00bbon\u00a0\u00bb button_text_color=\u00a0\u00bb#162E24&Prime; button_border_color=\u00a0\u00bb#6B8596&Prime; button_use_icon=\u00a0\u00bboff\u00a0\u00bb global_colors_info=\u00a0\u00bb{}\u00a0\u00bb button_text_color__hover_enabled=\u00a0\u00bbon|desktop\u00a0\u00bb button_text_color__hover=\u00a0\u00bb#FFFFFF\u00a0\u00bb button_bg_color__hover_enabled=\u00a0\u00bbon|hover\u00a0\u00bb button_bg_color__hover=\u00a0\u00bb#162E24&Prime; button_bg_enable_color__hover=\u00a0\u00bbon\u00a0\u00bb][\/et_pb_button][\/et_pb_column][et_pb_column type=\u00a0\u00bb1_2&Prime; _builder_version=\u00a0\u00bb4.18.0&Prime; _module_preset=\u00a0\u00bbdefault\u00a0\u00bb background_image=\u00a0\u00bbhttps:\/\/renovation-partner.com\/wp-content\/uploads\/2022\/09\/team-1.jpg\u00a0\u00bb background_size=\u00a0\u00bbcontain\u00a0\u00bb global_colors_info=\u00a0\u00bb{}\u00a0\u00bb][\/et_pb_column][\/et_pb_row][\/et_pb_section][et_pb_section fb_built=\u00a0\u00bb1&Prime; admin_label=\u00a0\u00bbFormulaires\u00a0\u00bb _builder_version=\u00a0\u00bb4.18.0&Prime; _module_preset=\u00a0\u00bbdefault\u00a0\u00bb background_color=\u00a0\u00bb#162E24&Prime; custom_margin=\u00a0\u00bb50px||||false|false\u00a0\u00bb global_module=\u00a0\u00bb51190&Prime; saved_tabs=\u00a0\u00bball\u00a0\u00bb locked=\u00a0\u00bboff\u00a0\u00bb collapsed=\u00a0\u00bboff\u00a0\u00bb global_colors_info=\u00a0\u00bb{}\u00a0\u00bb][et_pb_row _builder_version=\u00a0\u00bb4.18.0&Prime; _module_preset=\u00a0\u00bbdefault\u00a0\u00bb custom_padding=\u00a0\u00bb60px||60px||true|false\u00a0\u00bb global_colors_info=\u00a0\u00bb{}\u00a0\u00bb][et_pb_column type=\u00a0\u00bb4_4&Prime; _builder_version=\u00a0\u00bb4.16&Prime; _module_preset=\u00a0\u00bbdefault\u00a0\u00bb global_colors_info=\u00a0\u00bb{}\u00a0\u00bb][dpdfg_filtergrid custom_query=\u00a0\u00bbadvanced\u00a0\u00bb multiple_cpt=\u00a0\u00bbform\u00a0\u00bb post_number=\u00a0\u00bb1&Prime; order=\u00a0\u00bbASC\u00a0\u00bb orderby=\u00a0\u00bbmenu_order\u00a0\u00bb no_results=\u00a0\u00bbAucun formulaire\u00a0\u00bb use_overlay=\u00a0\u00bboff\u00a0\u00bb show_author=\u00a0\u00bboff\u00a0\u00bb show_terms=\u00a0\u00bbon\u00a0\u00bb show_terms_taxonomy=\u00a0\u00bbtype_formulaire\u00a0\u00bb terms_links=\u00a0\u00bboff\u00a0\u00bb show_filters=\u00a0\u00bboff\u00a0\u00bb show_pagination=\u00a0\u00bboff\u00a0\u00bb items_layout=\u00a0\u00bbdp-dfg-layout-none\u00a0\u00bb popup_bg=\u00a0\u00bb#FFFFFF\u00a0\u00bb bg_items=\u00a0\u00bb#E8D323&Prime; _builder_version=\u00a0\u00bb4.18.0&Prime; _module_preset=\u00a0\u00bbdefault\u00a0\u00bb dpdfg_entry_title_text_align=\u00a0\u00bbcenter\u00a0\u00bb dpdfg_entry_title_text_color=\u00a0\u00bb#FFFFFF\u00a0\u00bb dpdfg_entry_title_font_size=\u00a0\u00bb1.5rem\u00a0\u00bb dpdfg_entry_meta_text_align=\u00a0\u00bbcenter\u00a0\u00bb dpdfg_entry_meta_text_color=\u00a0\u00bb#E41134&Prime; dpdfg_entry_meta_font_size=\u00a0\u00bb1rem\u00a0\u00bb custom_read_more_button=\u00a0\u00bbon\u00a0\u00bb read_more_button_text_color=\u00a0\u00bb#FFFFFF\u00a0\u00bb read_more_button_bg_color=\u00a0\u00bb#E8D323&Prime; custom_action_button=\u00a0\u00bbon\u00a0\u00bb action_button_text_color=\u00a0\u00bb#FFFFFF\u00a0\u00bb action_button_bg_color=\u00a0\u00bb#E8D323&Prime; width=\u00a0\u00bb320px\u00a0\u00bb custom_margin=\u00a0\u00bb|auto||auto|false|false\u00a0\u00bb custom_padding=\u00a0\u00bb||||false|false\u00a0\u00bb custom_css_dp-dfg-item=\u00a0\u00bbpadding:20px 20px 0;\u00a0\u00bb border_width_all=\u00a0\u00bb0px\u00a0\u00bb global_colors_info=\u00a0\u00bb{}\u00a0\u00bb][\/dpdfg_filtergrid][\/et_pb_column][\/et_pb_row][\/et_pb_section][et_pb_section fb_built=\u00a0\u00bb1&Prime; admin_label=\u00a0\u00bbLivres blancs\u00a0\u00bb _builder_version=\u00a0\u00bb4.17.1&Prime; _module_preset=\u00a0\u00bbdefault\u00a0\u00bb background_color=\u00a0\u00bb#ECEEF0&Prime; global_module=\u00a0\u00bb51193&Prime; saved_tabs=\u00a0\u00bball\u00a0\u00bb collapsed=\u00a0\u00bboff\u00a0\u00bb global_colors_info=\u00a0\u00bb{}\u00a0\u00bb][et_pb_row column_structure=\u00a0\u00bb1_3,2_3&Prime; make_equal=\u00a0\u00bbon\u00a0\u00bb _builder_version=\u00a0\u00bb4.18.0&Prime; _module_preset=\u00a0\u00bbdefault\u00a0\u00bb background_position=\u00a0\u00bbbottom_center\u00a0\u00bb background_vertical_offset=\u00a0\u00bb34%\u00a0\u00bb custom_padding=\u00a0\u00bb60px||60px||true|false\u00a0\u00bb global_colors_info=\u00a0\u00bb{}\u00a0\u00bb][et_pb_column type=\u00a0\u00bb1_3&Prime; _builder_version=\u00a0\u00bb4.18.0&Prime; _module_preset=\u00a0\u00bbdefault\u00a0\u00bb background_color=\u00a0\u00bbRGBA(255,255,255,0)\u00a0\u00bb background_image=\u00a0\u00bbhttps:\/\/renovation-partner.com\/wp-content\/uploads\/2022\/10\/subscribe.jpg\u00a0\u00bb background_position=\u00a0\u00bbtop_center\u00a0\u00bb background_vertical_offset=\u00a0\u00bb33%\u00a0\u00bb custom_padding=\u00a0\u00bb0px|0px|0px|0px|true|true\u00a0\u00bb global_colors_info=\u00a0\u00bb{}\u00a0\u00bb][\/et_pb_column][et_pb_column type=\u00a0\u00bb2_3&Prime; _builder_version=\u00a0\u00bb4.16&Prime; _module_preset=\u00a0\u00bbdefault\u00a0\u00bb hover_enabled=\u00a0\u00bb0&Prime; global_colors_info=\u00a0\u00bb{}\u00a0\u00bb sticky_enabled=\u00a0\u00bb0&Prime;][et_pb_text _builder_version=\u00a0\u00bb4.18.0&Prime; _module_preset=\u00a0\u00bbdefault\u00a0\u00bb header_2_text_color=\u00a0\u00bb#162E24&Prime; header_2_font_size=\u00a0\u00bb2rem\u00a0\u00bb hover_enabled=\u00a0\u00bb0&Prime; global_colors_info=\u00a0\u00bb{}\u00a0\u00bb custom_padding=\u00a0\u00bb||30px||false|false\u00a0\u00bb sticky_enabled=\u00a0\u00bb0&Prime;]<\/p>\n<h2>Abonnez-vous \u00e0 notre base de donn\u00e9es et t\u00e9l\u00e9chargez nos e-books gratuits :<\/h2>\n<p>[\/et_pb_text][dpdfg_filtergrid custom_query=\u00a0\u00bbadvanced\u00a0\u00bb multiple_cpt=\u00a0\u00bbebook\u00a0\u00bb order=\u00a0\u00bbASC\u00a0\u00bb orderby=\u00a0\u00bbtype\u00a0\u00bb no_results=\u00a0\u00bbAucun r\u00e9sultat\u00a0\u00bb show_thumbnail=\u00a0\u00bboff\u00a0\u00bb use_overlay=\u00a0\u00bboff\u00a0\u00bb show_post_meta=\u00a0\u00bboff\u00a0\u00bb show_filters=\u00a0\u00bboff\u00a0\u00bb items_layout=\u00a0\u00bbdp-dfg-layout-list\u00a0\u00bb thumb_min_width=\u00a0\u00bb0px\u00a0\u00bb thumb_width=\u00a0\u00bb0%\u00a0\u00bb column_gutter=\u00a0\u00bb0em\u00a0\u00bb row_gutter=\u00a0\u00bb1em\u00a0\u00bb thumb_min_width_tablet=\u00a0\u00bb0px\u00a0\u00bb thumb_min_width_phone=\u00a0\u00bb0px\u00a0\u00bb thumb_min_width_last_edited=\u00a0\u00bbon|phone\u00a0\u00bb thumb_width_tablet=\u00a0\u00bb0%\u00a0\u00bb thumb_width_phone=\u00a0\u00bb\u00a0\u00bb thumb_width_last_edited=\u00a0\u00bbon|phone\u00a0\u00bb _builder_version=\u00a0\u00bb4.18.0&Prime; _module_preset=\u00a0\u00bbdefault\u00a0\u00bb dpdfg_entry_title_text_color=\u00a0\u00bb#162E24&Prime; dpdfg_pagination_text_color=\u00a0\u00bb#162E24&Prime; global_colors_info=\u00a0\u00bb{}\u00a0\u00bb dpdfg_entry_title_text_color__hover_enabled=\u00a0\u00bbon|hover\u00a0\u00bb dpdfg_entry_title_text_color__hover=\u00a0\u00bb#E8D323&Prime; dpdfg_pagination_text_color__hover_enabled=\u00a0\u00bbon|hover\u00a0\u00bb dpdfg_pagination_text_color__hover=\u00a0\u00bb#E8D323&Prime;][\/dpdfg_filtergrid][\/et_pb_column][\/et_pb_row][\/et_pb_section][et_pb_section fb_built=\u00a0\u00bb1&Prime; admin_label=\u00a0\u00bbBoutique\u00a0\u00bb _builder_version=\u00a0\u00bb4.18.0&Prime; _module_preset=\u00a0\u00bbdefault\u00a0\u00bb background_color=\u00a0\u00bb#191919&Prime; use_background_color_gradient=\u00a0\u00bbon\u00a0\u00bb background_color_gradient_stops=\u00a0\u00bbrgba(0,0,0,0.44) 0%|rgba(0,0,0,0.34) 100%\u00a0\u00bb background_image=\u00a0\u00bbhttps:\/\/renovation-partner.com\/wp-content\/uploads\/2022\/10\/accueil.jpg\u00a0\u00bb background_blend=\u00a0\u00bbdarken\u00a0\u00bb global_module=\u00a0\u00bb51194&Prime; saved_tabs=\u00a0\u00bball\u00a0\u00bb collapsed=\u00a0\u00bboff\u00a0\u00bb global_colors_info=\u00a0\u00bb{}\u00a0\u00bb][et_pb_row _builder_version=\u00a0\u00bb4.16&Prime; _module_preset=\u00a0\u00bbdefault\u00a0\u00bb custom_padding=\u00a0\u00bb60px||60px||true|false\u00a0\u00bb global_colors_info=\u00a0\u00bb{}\u00a0\u00bb][et_pb_column type=\u00a0\u00bb4_4&Prime; _builder_version=\u00a0\u00bb4.16&Prime; _module_preset=\u00a0\u00bbdefault\u00a0\u00bb global_colors_info=\u00a0\u00bb{}\u00a0\u00bb][et_pb_cta title=\u00a0\u00bbRenovation Partner\u00a0\u00bb button_url=\u00a0\u00bb@ET-DC@eyJkeW5hbWljIjp0cnVlLCJjb250ZW50IjoicG9zdF9saW5rX3VybF9wYWdlIiwic2V0dGluZ3MiOnsicG9zdF9pZCI6IjUyMzcyIn19@\u00a0\u00bb button_text=\u00a0\u00bbvoir la liste des prix des services de %22Renovation Partner%22 et des autres acteurs de la r\u00e9novation\u00a0\u00bb _builder_version=\u00a0\u00bb4.18.0&Prime; _dynamic_attributes=\u00a0\u00bbbutton_url\u00a0\u00bb _module_preset=\u00a0\u00bbdefault\u00a0\u00bb header_font_size=\u00a0\u00bb2rem\u00a0\u00bb body_text_align=\u00a0\u00bbleft\u00a0\u00bb body_text_color=\u00a0\u00bb#ffffff\u00a0\u00bb body_font_size=\u00a0\u00bb1.2rem\u00a0\u00bb body_line_height=\u00a0\u00bb1.8rem\u00a0\u00bb background_enable_color=\u00a0\u00bboff\u00a0\u00bb custom_button=\u00a0\u00bbon\u00a0\u00bb button_text_size=\u00a0\u00bb1.2rem\u00a0\u00bb button_use_icon=\u00a0\u00bboff\u00a0\u00bb button_custom_padding=\u00a0\u00bb0.3em|1em|0.3em|1em|true|true\u00a0\u00bb text_orientation=\u00a0\u00bbleft\u00a0\u00bb custom_padding=\u00a0\u00bb0px|0px|0px|0px|true|true\u00a0\u00bb global_colors_info=\u00a0\u00bb{}\u00a0\u00bb]<\/p>\n<p>Une m\u00e9thodologie unique : tous les acteurs de la r\u00e9novation sous un m\u00eame toit, directement op\u00e9rationnels et g\u00e9r\u00e9s par votre repr\u00e9sentant personnel parlant votre langue, avec l&rsquo;assistance de <a href=\"https:\/\/gm-avocats.com\/\" target=\"_blank\" rel=\"noopener\">GM Avocats<\/a> pour assurer la s\u00e9curit\u00e9 de votre projet.<\/p>\n<p>[\/et_pb_cta][\/et_pb_column][\/et_pb_row][\/et_pb_section]<\/p>\n<span class=\"et_bloom_bottom_trigger\"><\/span>","protected":false},"excerpt":{"rendered":"<p>Notre fa\u00e7on, la plus s\u00fbreTous les acteurs de la r\u00e9novation, directement op\u00e9rationnels et dirig\u00e9s par votre repr\u00e9sentant personnel et avec l&rsquo;assistance de GM Avocats pour assurer la s\u00e9curit\u00e9 de votre projet.Renovation Partner Renovation Partner est n\u00e9 d&rsquo;un constat : la r\u00e9alisation de travaux de r\u00e9novation en France est notoirement un cauchemar pour tout propri\u00e9taire priv\u00e9 [&hellip;]<\/p>\n","protected":false},"author":1,"featured_media":0,"parent":0,"menu_order":11,"comment_status":"closed","ping_status":"closed","template":"","meta":{"_et_pb_use_builder":"on","_et_pb_old_content":"","_et_gb_content_width":"","content-type":""},"dipi_cpt_category":[],"acf":[],"yoast_head":"<!-- This site is optimized with the Yoast SEO plugin v21.1 - https:\/\/yoast.com\/wordpress\/plugins\/seo\/ -->\n<title>R\u00e9novation de votre bien immobilier en France en toute s\u00e9r\u00e9nit\u00e9 - Renovation Partner<\/title>\n<meta name=\"description\" content=\"Un guichet unique pour la r\u00e9alisation de votre r\u00e9novation, du devis \u00e0 la r\u00e9ception des travaux, sous la supervision d&#039;avocats !\" \/>\n<meta name=\"robots\" content=\"index, follow, max-snippet:-1, max-image-preview:large, max-video-preview:-1\" \/>\n<link rel=\"canonical\" href=\"https:\/\/renovation-partner.com\/fr\/\" \/>\n<meta property=\"og:locale\" content=\"fr_FR\" \/>\n<meta property=\"og:type\" content=\"article\" \/>\n<meta property=\"og:title\" content=\"R\u00e9novation de votre bien immobilier en France en toute s\u00e9r\u00e9nit\u00e9 - Renovation Partner\" \/>\n<meta property=\"og:description\" content=\"Un guichet unique pour la r\u00e9alisation de votre r\u00e9novation, du devis \u00e0 la r\u00e9ception des travaux, sous la supervision d&#039;avocats !\" \/>\n<meta property=\"og:url\" content=\"https:\/\/renovation-partner.com\/fr\/\" \/>\n<meta property=\"og:site_name\" content=\"Renovation Partner\" \/>\n<meta property=\"article:modified_time\" content=\"2022-11-18T09:25:52+00:00\" \/>\n<meta property=\"og:image\" content=\"https:\/\/renovation-partner.com\/wp-content\/uploads\/2022\/10\/accueil.jpg\" \/>\n\t<meta property=\"og:image:width\" content=\"1920\" \/>\n\t<meta property=\"og:image:height\" content=\"1056\" \/>\n\t<meta property=\"og:image:type\" content=\"image\/jpeg\" \/>\n<meta name=\"twitter:card\" content=\"summary_large_image\" \/>\n<meta name=\"twitter:title\" content=\"R\u00e9novation de votre bien immobilier en France en toute s\u00e9r\u00e9nit\u00e9 - Renovation Partner\" \/>\n<meta name=\"twitter:description\" content=\"Un guichet unique pour la r\u00e9alisation de votre r\u00e9novation, du devis \u00e0 la r\u00e9ception des travaux, sous la supervision d&#039;avocats !\" \/>\n<meta name=\"twitter:image\" content=\"https:\/\/renovation-partner.com\/wp-content\/uploads\/2022\/10\/accueil.jpg\" \/>\n<!-- \/ Yoast SEO plugin. -->","yoast_head_json":{"title":"R\u00e9novation de votre bien immobilier en France en toute s\u00e9r\u00e9nit\u00e9 - Renovation Partner","description":"Un guichet unique pour la r\u00e9alisation de votre r\u00e9novation, du devis \u00e0 la r\u00e9ception des travaux, sous la supervision d'avocats !","robots":{"index":"index","follow":"follow","max-snippet":"max-snippet:-1","max-image-preview":"max-image-preview:large","max-video-preview":"max-video-preview:-1"},"canonical":"https:\/\/renovation-partner.com\/fr\/","og_locale":"fr_FR","og_type":"article","og_title":"R\u00e9novation de votre bien immobilier en France en toute s\u00e9r\u00e9nit\u00e9 - Renovation Partner","og_description":"Un guichet unique pour la r\u00e9alisation de votre r\u00e9novation, du devis \u00e0 la r\u00e9ception des travaux, sous la supervision d'avocats !","og_url":"https:\/\/renovation-partner.com\/fr\/","og_site_name":"Renovation Partner","article_modified_time":"2022-11-18T09:25:52+00:00","og_image":[{"width":1920,"height":1056,"url":"https:\/\/renovation-partner.com\/wp-content\/uploads\/2022\/10\/accueil.jpg","type":"image\/jpeg"}],"twitter_card":"summary_large_image","twitter_title":"R\u00e9novation de votre bien immobilier en France en toute s\u00e9r\u00e9nit\u00e9 - Renovation Partner","twitter_description":"Un guichet unique pour la r\u00e9alisation de votre r\u00e9novation, du devis \u00e0 la r\u00e9ception des travaux, sous la supervision d'avocats !","twitter_image":"https:\/\/renovation-partner.com\/wp-content\/uploads\/2022\/10\/accueil.jpg","schema":{"@context":"https:\/\/schema.org","@graph":[{"@type":"WebPage","@id":"https:\/\/renovation-partner.com\/fr\/","url":"https:\/\/renovation-partner.com\/fr\/","name":"R\u00e9novation de votre bien immobilier en France en toute s\u00e9r\u00e9nit\u00e9 - Renovation Partner","isPartOf":{"@id":"https:\/\/renovation-partner.com\/fr\/#website"},"datePublished":"2021-02-27T14:37:41+00:00","dateModified":"2022-11-18T09:25:52+00:00","description":"Un guichet unique pour la r\u00e9alisation de votre r\u00e9novation, du devis \u00e0 la r\u00e9ception des travaux, sous la supervision d'avocats !","breadcrumb":{"@id":"https:\/\/renovation-partner.com\/fr\/#breadcrumb"},"inLanguage":"fr-FR","potentialAction":[{"@type":"ReadAction","target":["https:\/\/renovation-partner.com\/fr\/"]}]},{"@type":"BreadcrumbList","@id":"https:\/\/renovation-partner.com\/fr\/#breadcrumb","itemListElement":[{"@type":"ListItem","position":1,"name":"Accueil","item":"https:\/\/renovation-partner.com\/fr\/"},{"@type":"ListItem","position":2,"name":"Accueil"}]},{"@type":"WebSite","@id":"https:\/\/renovation-partner.com\/fr\/#website","url":"https:\/\/renovation-partner.com\/fr\/","name":"Renovation Partner","description":"Renovation Partner","publisher":{"@id":"https:\/\/renovation-partner.com\/fr\/#organization"},"potentialAction":[{"@type":"SearchAction","target":{"@type":"EntryPoint","urlTemplate":"https:\/\/renovation-partner.com\/fr\/?s={search_term_string}"},"query-input":"required name=search_term_string"}],"inLanguage":"fr-FR"},{"@type":"Organization","@id":"https:\/\/renovation-partner.com\/fr\/#organization","name":"Success In Franchising","url":"https:\/\/renovation-partner.com\/fr\/","logo":{"@type":"ImageObject","inLanguage":"fr-FR","@id":"https:\/\/renovation-partner.com\/fr\/#\/schema\/logo\/image\/","url":"https:\/\/renovation-partner.com\/wp-content\/uploads\/2022\/06\/sif-partage.jpg","contentUrl":"https:\/\/renovation-partner.com\/wp-content\/uploads\/2022\/06\/sif-partage.jpg","width":1200,"height":630,"caption":"Success In Franchising"},"image":{"@id":"https:\/\/renovation-partner.com\/fr\/#\/schema\/logo\/image\/"}}]}},"_links":{"self":[{"href":"https:\/\/renovation-partner.com\/fr\/wp-json\/wp\/v2\/pages\/53610"}],"collection":[{"href":"https:\/\/renovation-partner.com\/fr\/wp-json\/wp\/v2\/pages"}],"about":[{"href":"https:\/\/renovation-partner.com\/fr\/wp-json\/wp\/v2\/types\/page"}],"author":[{"embeddable":true,"href":"https:\/\/renovation-partner.com\/fr\/wp-json\/wp\/v2\/users\/1"}],"replies":[{"embeddable":true,"href":"https:\/\/renovation-partner.com\/fr\/wp-json\/wp\/v2\/comments?post=53610"}],"version-history":[{"count":39,"href":"https:\/\/renovation-partner.com\/fr\/wp-json\/wp\/v2\/pages\/53610\/revisions"}],"predecessor-version":[{"id":54523,"href":"https:\/\/renovation-partner.com\/fr\/wp-json\/wp\/v2\/pages\/53610\/revisions\/54523"}],"wp:attachment":[{"href":"https:\/\/renovation-partner.com\/fr\/wp-json\/wp\/v2\/media?parent=53610"}],"wp:term":[{"taxonomy":"dipi_cpt_category","embeddable":true,"href":"https:\/\/renovation-partner.com\/fr\/wp-json\/wp\/v2\/dipi_cpt_category?post=53610"}],"curies":[{"name":"wp","href":"https:\/\/api.w.org\/{rel}","templated":true}]}}