{"id":53613,"date":"2022-09-05T17:44:45","date_gmt":"2022-09-05T15:44:45","guid":{"rendered":"https:\/\/renovation-partner.com\/nos-offres\/"},"modified":"2022-12-13T08:07:51","modified_gmt":"2022-12-13T07:07:51","slug":"nos-offres","status":"publish","type":"page","link":"https:\/\/renovation-partner.com\/fr\/nos-offres\/","title":{"rendered":"Nos offres"},"content":{"rendered":"<p>[et_pb_section fb_built=\u00a0\u00bb1&Prime; admin_label=\u00a0\u00bbHero\u00a0\u00bb _builder_version=\u00a0\u00bb4.18.0&Prime; _module_preset=\u00a0\u00bbdefault\u00a0\u00bb background_color=\u00a0\u00bbrgba(0,0,0,0.31)\u00a0\u00bb background_color_gradient_start=\u00a0\u00bb#ffffff\u00a0\u00bb background_color_gradient_end=\u00a0\u00bb#1515c6&Prime; background_image=\u00a0\u00bbhttps:\/\/renovation-partner.com\/wp-content\/uploads\/2022\/10\/accueil.jpg\u00a0\u00bb background_blend=\u00a0\u00bbmultiply\u00a0\u00bb min_height=\u00a0\u00bb50vh\u00a0\u00bb custom_padding=\u00a0\u00bb60px||60px||true|false\u00a0\u00bb custom_css_main_element=\u00a0\u00bbdisplay:flex;\u00a0\u00bb saved_tabs=\u00a0\u00bball\u00a0\u00bb collapsed=\u00a0\u00bboff\u00a0\u00bb global_colors_info=\u00a0\u00bb{}\u00a0\u00bb][et_pb_row _builder_version=\u00a0\u00bb4.16&Prime; _module_preset=\u00a0\u00bbdefault\u00a0\u00bb min_height=\u00a0\u00bb363.8px\u00a0\u00bb global_colors_info=\u00a0\u00bb{}\u00a0\u00bb][et_pb_column type=\u00a0\u00bb4_4&Prime; _builder_version=\u00a0\u00bb4.16&Prime; _module_preset=\u00a0\u00bbdefault\u00a0\u00bb global_colors_info=\u00a0\u00bb{}\u00a0\u00bb][et_pb_text _builder_version=\u00a0\u00bb4.18.0&Prime; _module_preset=\u00a0\u00bbdefault\u00a0\u00bb text_font_size=\u00a0\u00bb1.2rem\u00a0\u00bb text_line_height=\u00a0\u00bb1.8rem\u00a0\u00bb header_font_size=\u00a0\u00bb2rem\u00a0\u00bb header_line_height=\u00a0\u00bb4rem\u00a0\u00bb header_2_font_size=\u00a0\u00bb2rem\u00a0\u00bb header_2_line_height=\u00a0\u00bb2rem\u00a0\u00bb background_enable_image=\u00a0\u00bboff\u00a0\u00bb background_layout=\u00a0\u00bbdark\u00a0\u00bb global_colors_info=\u00a0\u00bb{}\u00a0\u00bb]<\/p>\n<h1><\/h1>\n<h1>Tous les services li\u00e9s \u00e0 votre propri\u00e9t\u00e9 pour les propri\u00e9taires \u00e9trangers :<\/h1>\n<ul>\n<li>Assistance dans votre langue<\/li>\n<li>Acteurs de la r\u00e9novation v\u00e9rifi\u00e9s<\/li>\n<li>Coordination de tous les acteurs la r\u00e9novation<\/li>\n<li>Suivi en direct du processus de r\u00e9novation<\/li>\n<li><span> <\/span>Supervision et paiements s\u00e9curis\u00e9s <a href=\"https:\/\/gm-avocats.com\/\" target=\"_blank\" rel=\"noopener\">GM Avocats<\/a><\/li>\n<\/ul>\n<p>[\/et_pb_text][dipi_button_grid flex_direction=\u00a0\u00bbrow\u00a0\u00bb justify_content=\u00a0\u00bbflex-start\u00a0\u00bb _builder_version=\u00a0\u00bb4.19.2&Prime; _module_preset=\u00a0\u00bbdefault\u00a0\u00bb text_style_text_color=\u00a0\u00bb#FFFFFF\u00a0\u00bb custom_button_grid=\u00a0\u00bbon\u00a0\u00bb button_grid_text_size=\u00a0\u00bb16px\u00a0\u00bb button_grid_text_color=\u00a0\u00bb#FFFFFF\u00a0\u00bb hover_enabled=\u00a0\u00bb0&Prime; global_colors_info=\u00a0\u00bb{}\u00a0\u00bb sticky_enabled=\u00a0\u00bb0&Prime;][dipi_button_grid_child button_id=\u00a0\u00bbEstimation sous 24 heures\u00a0\u00bb button_type=\u00a0\u00bbbutton\u00a0\u00bb button_text=\u00a0\u00bbEstimation sous 24 heures\u00a0\u00bb button_link=\u00a0\u00bb@ET-DC@eyJkeW5hbWljIjp0cnVlLCJjb250ZW50IjoicG9zdF9saW5rX3VybF9mb3JtIiwic2V0dGluZ3MiOnsicG9zdF9pZCI6IjUyNzgyIn19@\u00a0\u00bb _builder_version=\u00a0\u00bb4.19.2&Prime; _dynamic_attributes=\u00a0\u00bbbutton_link\u00a0\u00bb _module_preset=\u00a0\u00bbdefault\u00a0\u00bb custom_button=\u00a0\u00bbon\u00a0\u00bb button_text_size=\u00a0\u00bb16px\u00a0\u00bb button_bg_color=\u00a0\u00bb#E8D323&Prime; button_border_color=\u00a0\u00bbRGBA(255,255,255,0)\u00a0\u00bb button_custom_padding=\u00a0\u00bb0.3em|1em|0.3em|1em|true|true\u00a0\u00bb custom_padding=\u00a0\u00bb||||false|false\u00a0\u00bb hover_enabled=\u00a0\u00bb0&Prime; global_colors_info=\u00a0\u00bb{}\u00a0\u00bb sticky_enabled=\u00a0\u00bb0&Prime;][\/dipi_button_grid_child][dipi_button_grid_child button_id=\u00a0\u00bbDocumentation\u00a0\u00bb button_type=\u00a0\u00bbbutton\u00a0\u00bb button_text=\u00a0\u00bbDocumentation\u00a0\u00bb button_link=\u00a0\u00bb@ET-DC@eyJkeW5hbWljIjp0cnVlLCJjb250ZW50IjoicG9zdF9saW5rX3VybF9wYWdlIiwic2V0dGluZ3MiOnsicG9zdF9pZCI6IjUwOTQ3In19@\u00a0\u00bb _builder_version=\u00a0\u00bb4.19.2&Prime; _dynamic_attributes=\u00a0\u00bbbutton_link\u00a0\u00bb _module_preset=\u00a0\u00bbdefault\u00a0\u00bb custom_button=\u00a0\u00bbon\u00a0\u00bb button_text_size=\u00a0\u00bb16px\u00a0\u00bb button_custom_padding=\u00a0\u00bb0.3em|1em|0.3em|1em|true|true\u00a0\u00bb hover_enabled=\u00a0\u00bb0&Prime; global_colors_info=\u00a0\u00bb{}\u00a0\u00bb sticky_enabled=\u00a0\u00bb0&Prime;][\/dipi_button_grid_child][\/dipi_button_grid][dipi_button_grid _builder_version=\u00a0\u00bb4.17.1&Prime; _module_preset=\u00a0\u00bbdefault\u00a0\u00bb global_colors_info=\u00a0\u00bb{}\u00a0\u00bb][\/dipi_button_grid][\/et_pb_column][\/et_pb_row][\/et_pb_section][et_pb_section fb_built=\u00a0\u00bb1&Prime; _builder_version=\u00a0\u00bb4.17.1&Prime; _module_preset=\u00a0\u00bbdefault\u00a0\u00bb custom_padding=\u00a0\u00bb40px||40px||true|false\u00a0\u00bb collapsed=\u00a0\u00bboff\u00a0\u00bb global_colors_info=\u00a0\u00bb{}\u00a0\u00bb][et_pb_row column_structure=\u00a0\u00bb1_3,1_3,1_3&Prime; _builder_version=\u00a0\u00bb4.18.0&Prime; _module_preset=\u00a0\u00bbdefault\u00a0\u00bb global_colors_info=\u00a0\u00bb{}\u00a0\u00bb][et_pb_column type=\u00a0\u00bb1_3&Prime; _builder_version=\u00a0\u00bb4.18.0&Prime; _module_preset=\u00a0\u00bbdefault\u00a0\u00bb global_colors_info=\u00a0\u00bb{}\u00a0\u00bb][et_pb_cta title=\u00a0\u00bbServices li\u00e9s \u00e0 la r\u00e9novation\u00a0\u00bb button_url=\u00a0\u00bb@ET-DC@eyJkeW5hbWljIjp0cnVlLCJjb250ZW50IjoicG9zdF9saW5rX3VybF9wYWdlIiwic2V0dGluZ3MiOnsicG9zdF9pZCI6IjUyMzg2In19@\u00a0\u00bb button_text=\u00a0\u00bbEn savoir plus\u00a0\u00bb _builder_version=\u00a0\u00bb4.18.0&Prime; _dynamic_attributes=\u00a0\u00bbbutton_url\u00a0\u00bb _module_preset=\u00a0\u00bbdefault\u00a0\u00bb min_height=\u00a0\u00bb220px\u00a0\u00bb global_colors_info=\u00a0\u00bb{}\u00a0\u00bb][\/et_pb_cta][dipi_button_grid _builder_version=\u00a0\u00bb4.18.0&Prime; _module_preset=\u00a0\u00bbdefault\u00a0\u00bb global_colors_info=\u00a0\u00bb{}\u00a0\u00bb][\/dipi_button_grid][\/et_pb_column][et_pb_column type=\u00a0\u00bb1_3&Prime; _builder_version=\u00a0\u00bb4.18.0&Prime; _module_preset=\u00a0\u00bbdefault\u00a0\u00bb global_colors_info=\u00a0\u00bb{}\u00a0\u00bb][et_pb_cta title=\u00a0\u00bbServices li\u00e9s \u00e0 l&rsquo;achat et \u00e0 la vente de biens immobiliers\u00a0\u00bb button_url=\u00a0\u00bb@ET-DC@eyJkeW5hbWljIjp0cnVlLCJjb250ZW50IjoicG9zdF9saW5rX3VybF9wYWdlIiwic2V0dGluZ3MiOnsicG9zdF9pZCI6IjUyMzkzIn19@\u00a0\u00bb button_text=\u00a0\u00bbEn savoir plus\u00a0\u00bb _builder_version=\u00a0\u00bb4.18.0&Prime; _dynamic_attributes=\u00a0\u00bbbutton_url\u00a0\u00bb _module_preset=\u00a0\u00bbdefault\u00a0\u00bb global_colors_info=\u00a0\u00bb{}\u00a0\u00bb][\/et_pb_cta][\/et_pb_column][et_pb_column type=\u00a0\u00bb1_3&Prime; _builder_version=\u00a0\u00bb4.18.0&Prime; _module_preset=\u00a0\u00bbdefault\u00a0\u00bb global_colors_info=\u00a0\u00bb{}\u00a0\u00bb][et_pb_cta title=\u00a0\u00bbServices li\u00e9s \u00e0 la gestion immobili\u00e8re\u00a0\u00bb button_url=\u00a0\u00bb@ET-DC@eyJkeW5hbWljIjp0cnVlLCJjb250ZW50IjoicG9zdF9saW5rX3VybF9wYWdlIiwic2V0dGluZ3MiOnsicG9zdF9pZCI6IjUyMzk2In19@\u00a0\u00bb button_text=\u00a0\u00bbEn savoir plus\u00a0\u00bb _builder_version=\u00a0\u00bb4.18.0&Prime; _dynamic_attributes=\u00a0\u00bbbutton_url\u00a0\u00bb _module_preset=\u00a0\u00bbdefault\u00a0\u00bb min_height=\u00a0\u00bb220px\u00a0\u00bb global_colors_info=\u00a0\u00bb{}\u00a0\u00bb][\/et_pb_cta][\/et_pb_column][\/et_pb_row][\/et_pb_section][et_pb_section fb_built=\u00a0\u00bb1&Prime; admin_label=\u00a0\u00bbLivres blancs\u00a0\u00bb _builder_version=\u00a0\u00bb4.17.1&Prime; _module_preset=\u00a0\u00bbdefault\u00a0\u00bb background_color=\u00a0\u00bb#ECEEF0&Prime; saved_tabs=\u00a0\u00bball\u00a0\u00bb locked=\u00a0\u00bboff\u00a0\u00bb collapsed=\u00a0\u00bboff\u00a0\u00bb global_colors_info=\u00a0\u00bb{}\u00a0\u00bb][et_pb_row column_structure=\u00a0\u00bb1_3,2_3&Prime; make_equal=\u00a0\u00bbon\u00a0\u00bb _builder_version=\u00a0\u00bb4.19.0&Prime; _module_preset=\u00a0\u00bbdefault\u00a0\u00bb background_position=\u00a0\u00bbbottom_center\u00a0\u00bb background_vertical_offset=\u00a0\u00bb34%\u00a0\u00bb custom_padding=\u00a0\u00bb60px||60px||true|false\u00a0\u00bb global_colors_info=\u00a0\u00bb{}\u00a0\u00bb][et_pb_column type=\u00a0\u00bb1_3&Prime; _builder_version=\u00a0\u00bb4.19.0&Prime; _module_preset=\u00a0\u00bbdefault\u00a0\u00bb background_color=\u00a0\u00bbRGBA(255,255,255,0)\u00a0\u00bb background_image=\u00a0\u00bbhttps:\/\/renovation-partner.com\/wp-content\/uploads\/2022\/10\/subscribe.jpg\u00a0\u00bb background_position=\u00a0\u00bbtop_center\u00a0\u00bb background_vertical_offset=\u00a0\u00bb33%\u00a0\u00bb custom_padding=\u00a0\u00bb0px|0px|0px|0px|true|true\u00a0\u00bb global_colors_info=\u00a0\u00bb{}\u00a0\u00bb][\/et_pb_column][et_pb_column type=\u00a0\u00bb2_3&Prime; _builder_version=\u00a0\u00bb4.19.0&Prime; _module_preset=\u00a0\u00bbdefault\u00a0\u00bb global_colors_info=\u00a0\u00bb{}\u00a0\u00bb][et_pb_text _builder_version=\u00a0\u00bb4.19.0&Prime; _module_preset=\u00a0\u00bbdefault\u00a0\u00bb header_2_text_color=\u00a0\u00bb#162E24&Prime; header_2_font_size=\u00a0\u00bb2rem\u00a0\u00bb custom_padding=\u00a0\u00bb||30px||false|false\u00a0\u00bb global_colors_info=\u00a0\u00bb{}\u00a0\u00bb]<\/p>\n<h2>Abonnez-vous \u00e0 notre base de donn\u00e9es et t\u00e9l\u00e9chargez nos e-books gratuits :<\/h2>\n<p>[\/et_pb_text][dpdfg_filtergrid custom_query=\u00a0\u00bbadvanced\u00a0\u00bb multiple_cpt=\u00a0\u00bbebook\u00a0\u00bb order=\u00a0\u00bbASC\u00a0\u00bb orderby=\u00a0\u00bbtype\u00a0\u00bb show_thumbnail=\u00a0\u00bboff\u00a0\u00bb use_overlay=\u00a0\u00bboff\u00a0\u00bb show_post_meta=\u00a0\u00bboff\u00a0\u00bb show_filters=\u00a0\u00bboff\u00a0\u00bb items_layout=\u00a0\u00bbdp-dfg-layout-list\u00a0\u00bb thumb_min_width=\u00a0\u00bb0px\u00a0\u00bb thumb_width=\u00a0\u00bb0%\u00a0\u00bb column_gutter=\u00a0\u00bb0em\u00a0\u00bb row_gutter=\u00a0\u00bb1em\u00a0\u00bb thumb_min_width_tablet=\u00a0\u00bb0px\u00a0\u00bb thumb_min_width_phone=\u00a0\u00bb0px\u00a0\u00bb thumb_min_width_last_edited=\u00a0\u00bbon|phone\u00a0\u00bb thumb_width_tablet=\u00a0\u00bb0%\u00a0\u00bb thumb_width_phone=\u00a0\u00bb\u00a0\u00bb thumb_width_last_edited=\u00a0\u00bbon|phone\u00a0\u00bb _builder_version=\u00a0\u00bb4.18.0&Prime; _module_preset=\u00a0\u00bbdefault\u00a0\u00bb dpdfg_entry_title_text_color=\u00a0\u00bb#162E24&Prime; dpdfg_pagination_text_color=\u00a0\u00bb#162E24&Prime; global_colors_info=\u00a0\u00bb{}\u00a0\u00bb dpdfg_entry_title_text_color__hover_enabled=\u00a0\u00bbon|hover\u00a0\u00bb dpdfg_entry_title_text_color__hover=\u00a0\u00bb#E8D323&Prime; dpdfg_pagination_text_color__hover_enabled=\u00a0\u00bbon|hover\u00a0\u00bb dpdfg_pagination_text_color__hover=\u00a0\u00bb#E8D323&Prime;][\/dpdfg_filtergrid][\/et_pb_column][\/et_pb_row][\/et_pb_section]<\/p>\n<span class=\"et_bloom_bottom_trigger\"><\/span>","protected":false},"excerpt":{"rendered":"<p>Tous les services li\u00e9s \u00e0 votre propri\u00e9t\u00e9 pour les propri\u00e9taires \u00e9trangers : Assistance dans votre langue Acteurs de la r\u00e9novation v\u00e9rifi\u00e9s Coordination de tous les acteurs la r\u00e9novation Suivi en direct du processus de r\u00e9novation Supervision et paiements s\u00e9curis\u00e9s GM Avocats <div class=\"et_pb_module dipi_button_grid dipi_button_grid_0\">\n\t\t\t\t\n\t\t\t\t\n\t\t\t\t\n\t\t\t\t\n\t\t\t\t\n\t\t\t\t\n\t\t\t\t<div class=\"et_pb_module_inner\">\n\t\t\t\t\t<div class=\"dipi-button-grid-container\">\n                \n            <\/div>\n\t\t\t\t<\/div>\n\t\t\t<\/div><div class=\"et_pb_module dipi_button_grid_child dipi_button_grid_child_0\">\n\t\t\t\t\n\t\t\t\t\n\t\t\t\t\n\t\t\t\t\n\t\t\t\t\n\t\t\t\t\n\t\t\t\t<div class=\"et_pb_module_inner\">\n\t\t\t\t\t<a class=\"et_pb_button dipi-button-grid dipi-button-wrap\" href=\"#\">Click Here<\/a>\n\t\t\t\t<\/div>\n\t\t\t<\/div><\/p>\n","protected":false},"author":2,"featured_media":0,"parent":0,"menu_order":12,"comment_status":"closed","ping_status":"closed","template":"","meta":{"_et_pb_use_builder":"on","_et_pb_old_content":"","_et_gb_content_width":"","content-type":""},"dipi_cpt_category":[],"acf":[],"yoast_head":"<!-- This site is optimized with the Yoast SEO plugin v21.1 - https:\/\/yoast.com\/wordpress\/plugins\/seo\/ -->\n<title>Services de gestion des travaux de biens immobiliers en France - Renovation Partner<\/title>\n<meta name=\"description\" content=\"Services pour votre propri\u00e9t\u00e9 immobili\u00e8re en France : r\u00e9novation, achat\/vente, gestion immobili\u00e8re.\" \/>\n<meta name=\"robots\" content=\"index, follow, max-snippet:-1, max-image-preview:large, max-video-preview:-1\" \/>\n<link rel=\"canonical\" href=\"https:\/\/renovation-partner.com\/fr\/nos-offres\/\" \/>\n<meta property=\"og:locale\" content=\"fr_FR\" \/>\n<meta property=\"og:type\" content=\"article\" \/>\n<meta property=\"og:title\" content=\"Services de gestion des travaux de biens immobiliers en France - Renovation Partner\" \/>\n<meta property=\"og:description\" content=\"Services pour votre propri\u00e9t\u00e9 immobili\u00e8re en France : r\u00e9novation, achat\/vente, gestion immobili\u00e8re.\" \/>\n<meta property=\"og:url\" content=\"https:\/\/renovation-partner.com\/fr\/nos-offres\/\" \/>\n<meta property=\"og:site_name\" content=\"Renovation Partner\" \/>\n<meta property=\"article:modified_time\" content=\"2022-12-13T07:07:51+00:00\" \/>\n<meta property=\"og:image\" content=\"https:\/\/renovation-partner.com\/wp-content\/uploads\/2022\/10\/accueil.jpg\" \/>\n\t<meta property=\"og:image:width\" content=\"1920\" \/>\n\t<meta property=\"og:image:height\" content=\"1056\" \/>\n\t<meta property=\"og:image:type\" content=\"image\/jpeg\" \/>\n<meta name=\"twitter:card\" content=\"summary_large_image\" \/>\n<meta name=\"twitter:title\" content=\"Services de gestion des travaux de biens immobiliers en France - Renovation Partner\" \/>\n<meta name=\"twitter:description\" content=\"Services pour votre propri\u00e9t\u00e9 immobili\u00e8re en France : r\u00e9novation, achat\/vente, gestion immobili\u00e8re.\" \/>\n<meta name=\"twitter:image\" content=\"https:\/\/renovation-partner.com\/wp-content\/uploads\/2022\/10\/accueil.jpg\" \/>\n<!-- \/ Yoast SEO plugin. -->","yoast_head_json":{"title":"Services de gestion des travaux de biens immobiliers en France - Renovation Partner","description":"Services pour votre propri\u00e9t\u00e9 immobili\u00e8re en France : r\u00e9novation, achat\/vente, gestion immobili\u00e8re.","robots":{"index":"index","follow":"follow","max-snippet":"max-snippet:-1","max-image-preview":"max-image-preview:large","max-video-preview":"max-video-preview:-1"},"canonical":"https:\/\/renovation-partner.com\/fr\/nos-offres\/","og_locale":"fr_FR","og_type":"article","og_title":"Services de gestion des travaux de biens immobiliers en France - Renovation Partner","og_description":"Services pour votre propri\u00e9t\u00e9 immobili\u00e8re en France : r\u00e9novation, achat\/vente, gestion immobili\u00e8re.","og_url":"https:\/\/renovation-partner.com\/fr\/nos-offres\/","og_site_name":"Renovation Partner","article_modified_time":"2022-12-13T07:07:51+00:00","og_image":[{"width":1920,"height":1056,"url":"https:\/\/renovation-partner.com\/wp-content\/uploads\/2022\/10\/accueil.jpg","type":"image\/jpeg"}],"twitter_card":"summary_large_image","twitter_title":"Services de gestion des travaux de biens immobiliers en France - Renovation Partner","twitter_description":"Services pour votre propri\u00e9t\u00e9 immobili\u00e8re en France : r\u00e9novation, achat\/vente, gestion immobili\u00e8re.","twitter_image":"https:\/\/renovation-partner.com\/wp-content\/uploads\/2022\/10\/accueil.jpg","schema":{"@context":"https:\/\/schema.org","@graph":[{"@type":"WebPage","@id":"https:\/\/renovation-partner.com\/fr\/nos-offres\/","url":"https:\/\/renovation-partner.com\/fr\/nos-offres\/","name":"Services de gestion des travaux de biens immobiliers en France - Renovation Partner","isPartOf":{"@id":"https:\/\/renovation-partner.com\/fr\/#website"},"datePublished":"2022-09-05T15:44:45+00:00","dateModified":"2022-12-13T07:07:51+00:00","description":"Services pour votre propri\u00e9t\u00e9 immobili\u00e8re en France : r\u00e9novation, achat\/vente, gestion immobili\u00e8re.","breadcrumb":{"@id":"https:\/\/renovation-partner.com\/fr\/nos-offres\/#breadcrumb"},"inLanguage":"fr-FR","potentialAction":[{"@type":"ReadAction","target":["https:\/\/renovation-partner.com\/fr\/nos-offres\/"]}]},{"@type":"BreadcrumbList","@id":"https:\/\/renovation-partner.com\/fr\/nos-offres\/#breadcrumb","itemListElement":[{"@type":"ListItem","position":1,"name":"Accueil","item":"https:\/\/renovation-partner.com\/fr\/"},{"@type":"ListItem","position":2,"name":"Nos offres"}]},{"@type":"WebSite","@id":"https:\/\/renovation-partner.com\/fr\/#website","url":"https:\/\/renovation-partner.com\/fr\/","name":"Renovation Partner","description":"Renovation Partner","publisher":{"@id":"https:\/\/renovation-partner.com\/fr\/#organization"},"potentialAction":[{"@type":"SearchAction","target":{"@type":"EntryPoint","urlTemplate":"https:\/\/renovation-partner.com\/fr\/?s={search_term_string}"},"query-input":"required name=search_term_string"}],"inLanguage":"fr-FR"},{"@type":"Organization","@id":"https:\/\/renovation-partner.com\/fr\/#organization","name":"Success In Franchising","url":"https:\/\/renovation-partner.com\/fr\/","logo":{"@type":"ImageObject","inLanguage":"fr-FR","@id":"https:\/\/renovation-partner.com\/fr\/#\/schema\/logo\/image\/","url":"https:\/\/renovation-partner.com\/wp-content\/uploads\/2022\/06\/sif-partage.jpg","contentUrl":"https:\/\/renovation-partner.com\/wp-content\/uploads\/2022\/06\/sif-partage.jpg","width":1200,"height":630,"caption":"Success In Franchising"},"image":{"@id":"https:\/\/renovation-partner.com\/fr\/#\/schema\/logo\/image\/"}}]}},"_links":{"self":[{"href":"https:\/\/renovation-partner.com\/fr\/wp-json\/wp\/v2\/pages\/53613"}],"collection":[{"href":"https:\/\/renovation-partner.com\/fr\/wp-json\/wp\/v2\/pages"}],"about":[{"href":"https:\/\/renovation-partner.com\/fr\/wp-json\/wp\/v2\/types\/page"}],"author":[{"embeddable":true,"href":"https:\/\/renovation-partner.com\/fr\/wp-json\/wp\/v2\/users\/2"}],"replies":[{"embeddable":true,"href":"https:\/\/renovation-partner.com\/fr\/wp-json\/wp\/v2\/comments?post=53613"}],"version-history":[{"count":14,"href":"https:\/\/renovation-partner.com\/fr\/wp-json\/wp\/v2\/pages\/53613\/revisions"}],"predecessor-version":[{"id":54606,"href":"https:\/\/renovation-partner.com\/fr\/wp-json\/wp\/v2\/pages\/53613\/revisions\/54606"}],"wp:attachment":[{"href":"https:\/\/renovation-partner.com\/fr\/wp-json\/wp\/v2\/media?parent=53613"}],"wp:term":[{"taxonomy":"dipi_cpt_category","embeddable":true,"href":"https:\/\/renovation-partner.com\/fr\/wp-json\/wp\/v2\/dipi_cpt_category?post=53613"}],"curies":[{"name":"wp","href":"https:\/\/api.w.org\/{rel}","templated":true}]}}