{"id":53624,"date":"2021-02-27T17:07:44","date_gmt":"2021-02-27T16:07:44","guid":{"rendered":"https:\/\/renovation-partner.com\/contact\/"},"modified":"2022-11-18T11:03:27","modified_gmt":"2022-11-18T10:03:27","slug":"contact","status":"publish","type":"page","link":"https:\/\/renovation-partner.com\/fr\/contact\/","title":{"rendered":"Contact"},"content":{"rendered":"<p>[et_pb_section fb_built=\u00a0\u00bb1&Prime; admin_label=\u00a0\u00bbHero\u00a0\u00bb _builder_version=\u00a0\u00bb4.18.0&Prime; _module_preset=\u00a0\u00bbdefault\u00a0\u00bb background_color=\u00a0\u00bbrgba(0,0,0,0.31)\u00a0\u00bb background_color_gradient_start=\u00a0\u00bb#ffffff\u00a0\u00bb background_color_gradient_end=\u00a0\u00bb#1515c6&Prime; background_image=\u00a0\u00bbhttps:\/\/renovation-partner.com\/wp-content\/uploads\/2022\/10\/accueil.jpg\u00a0\u00bb background_blend=\u00a0\u00bbmultiply\u00a0\u00bb min_height=\u00a0\u00bb50vh\u00a0\u00bb custom_padding=\u00a0\u00bb60px||60px||true|false\u00a0\u00bb custom_css_main_element=\u00a0\u00bbdisplay:flex;\u00a0\u00bb saved_tabs=\u00a0\u00bball\u00a0\u00bb collapsed=\u00a0\u00bboff\u00a0\u00bb global_colors_info=\u00a0\u00bb{}\u00a0\u00bb][et_pb_row _builder_version=\u00a0\u00bb4.16&Prime; _module_preset=\u00a0\u00bbdefault\u00a0\u00bb global_colors_info=\u00a0\u00bb{}\u00a0\u00bb][et_pb_column type=\u00a0\u00bb4_4&Prime; _builder_version=\u00a0\u00bb4.16&Prime; _module_preset=\u00a0\u00bbdefault\u00a0\u00bb global_colors_info=\u00a0\u00bb{}\u00a0\u00bb][et_pb_text _builder_version=\u00a0\u00bb4.18.0&Prime; _module_preset=\u00a0\u00bbdefault\u00a0\u00bb text_font_size=\u00a0\u00bb1.2rem\u00a0\u00bb text_line_height=\u00a0\u00bb2rem\u00a0\u00bb header_font_size=\u00a0\u00bb4rem\u00a0\u00bb header_line_height=\u00a0\u00bb4rem\u00a0\u00bb header_2_font_size=\u00a0\u00bb2rem\u00a0\u00bb header_2_line_height=\u00a0\u00bb2rem\u00a0\u00bb background_layout=\u00a0\u00bbdark\u00a0\u00bb global_colors_info=\u00a0\u00bb{}\u00a0\u00bb]<\/p>\n<h1>Renovation Partner<\/h1>\n<h2>Un guichet unique pour la r\u00e9alisation de votre r\u00e9novation !<\/h2>\n<p>Une m\u00e9thodologie permettant la r\u00e9novation de votre bien, de l&rsquo;estimation \u00e0 la r\u00e9alisation.<br \/>Nos principaux engagements :<\/p>\n<ul>\n<li>Assistance dans votre langue<\/li>\n<li>Des acteurs v\u00e9rifi\u00e9s<\/li>\n<li>Coordination de tous les acteurs<\/li>\n<li>Suivi en direct du processus de r\u00e9novation<\/li>\n<li>Supervision par GM Avocats et paiements s\u00e9curis\u00e9s<\/li>\n<\/ul>\n<p>[\/et_pb_text][dipi_button_grid flex_direction=\u00a0\u00bbrow\u00a0\u00bb justify_content=\u00a0\u00bbflex-start\u00a0\u00bb _builder_version=\u00a0\u00bb4.18.0&Prime; _module_preset=\u00a0\u00bbdefault\u00a0\u00bb text_style_text_color=\u00a0\u00bb#FFFFFF\u00a0\u00bb custom_button_grid=\u00a0\u00bbon\u00a0\u00bb button_grid_text_size=\u00a0\u00bb16px\u00a0\u00bb button_grid_text_color=\u00a0\u00bb#FFFFFF\u00a0\u00bb global_colors_info=\u00a0\u00bb{}\u00a0\u00bb][dipi_button_grid_child button_id=\u00a0\u00bbQuotation within 24h\u00a0\u00bb button_type=\u00a0\u00bbbutton\u00a0\u00bb button_text=\u00a0\u00bbQuotation within 24h\u00a0\u00bb button_link=\u00a0\u00bb@ET-DC@eyJkeW5hbWljIjp0cnVlLCJjb250ZW50IjoicG9zdF9saW5rX3VybF9mb3JtIiwic2V0dGluZ3MiOnsicG9zdF9pZCI6IjUyNzgyIn19@\u00a0\u00bb _builder_version=\u00a0\u00bb4.18.0&Prime; _dynamic_attributes=\u00a0\u00bbbutton_link\u00a0\u00bb _module_preset=\u00a0\u00bbdefault\u00a0\u00bb custom_button=\u00a0\u00bbon\u00a0\u00bb button_text_size=\u00a0\u00bb16px\u00a0\u00bb button_bg_color=\u00a0\u00bb#E8D323&Prime; button_border_color=\u00a0\u00bbRGBA(255,255,255,0)\u00a0\u00bb button_custom_padding=\u00a0\u00bb0.3em|1em|0.3em|1em|true|true\u00a0\u00bb custom_padding=\u00a0\u00bb||||false|false\u00a0\u00bb global_colors_info=\u00a0\u00bb{}\u00a0\u00bb][\/dipi_button_grid_child][dipi_button_grid_child button_id=\u00a0\u00bbDocumentation\u00a0\u00bb button_type=\u00a0\u00bbbutton\u00a0\u00bb button_text=\u00a0\u00bbDocumentation\u00a0\u00bb button_link=\u00a0\u00bb@ET-DC@eyJkeW5hbWljIjp0cnVlLCJjb250ZW50IjoicG9zdF9saW5rX3VybF9wYWdlIiwic2V0dGluZ3MiOnsicG9zdF9pZCI6IjUwOTQ3In19@\u00a0\u00bb _builder_version=\u00a0\u00bb4.18.0&Prime; _dynamic_attributes=\u00a0\u00bbbutton_link\u00a0\u00bb _module_preset=\u00a0\u00bbdefault\u00a0\u00bb custom_button=\u00a0\u00bbon\u00a0\u00bb button_text_size=\u00a0\u00bb16px\u00a0\u00bb button_custom_padding=\u00a0\u00bb0.3em|1em|0.3em|1em|true|true\u00a0\u00bb global_colors_info=\u00a0\u00bb{}\u00a0\u00bb][\/dipi_button_grid_child][\/dipi_button_grid][\/et_pb_column][\/et_pb_row][\/et_pb_section][et_pb_section fb_built=\u00a0\u00bb1&Prime; _builder_version=\u00a0\u00bb4.16&Prime; _module_preset=\u00a0\u00bbdefault\u00a0\u00bb collapsed=\u00a0\u00bbon\u00a0\u00bb global_colors_info=\u00a0\u00bb{}\u00a0\u00bb][et_pb_row column_structure=\u00a0\u00bb1_2,1_2&Prime; _builder_version=\u00a0\u00bb4.16&Prime; _module_preset=\u00a0\u00bbdefault\u00a0\u00bb global_colors_info=\u00a0\u00bb{}\u00a0\u00bb][et_pb_column type=\u00a0\u00bb1_2&Prime; _builder_version=\u00a0\u00bb4.16&Prime; _module_preset=\u00a0\u00bbdefault\u00a0\u00bb global_colors_info=\u00a0\u00bb{}\u00a0\u00bb][et_pb_text _builder_version=\u00a0\u00bb4.18.0&Prime; _module_preset=\u00a0\u00bbdefault\u00a0\u00bb global_colors_info=\u00a0\u00bb{}\u00a0\u00bb]N&rsquo;h\u00e9sitez pas \u00e0 nous contacter pour toute information ou demande d&rsquo;\u00e9tude de votre dossier.[\/et_pb_text][\/et_pb_column][et_pb_column type=\u00a0\u00bb1_2&Prime; _builder_version=\u00a0\u00bb4.16&Prime; _module_preset=\u00a0\u00bbdefault\u00a0\u00bb global_colors_info=\u00a0\u00bb{}\u00a0\u00bb][et_pb_code admin_label=\u00a0\u00bb%91forminator_form id=%2251992%22%93&Prime; _builder_version=\u00a0\u00bb4.19.0&Prime; _module_preset=\u00a0\u00bbdefault\u00a0\u00bb hover_enabled=\u00a0\u00bb0&Prime; global_colors_info=\u00a0\u00bb{}\u00a0\u00bb sticky_enabled=\u00a0\u00bb0&Prime;]<div class=\"forminator-ui forminator-custom-form forminator-custom-form-54088 forminator-design--flat  forminator_ajax\" data-forminator-render=\"0\" data-form=\"forminator-module-54088\" data-uid=\"69e33b74eeff3\"><br\/><\/div><form\r\n\t\t\t\tid=\"forminator-module-54088\"\r\n\t\t\t\tclass=\"forminator-ui forminator-custom-form forminator-custom-form-54088 forminator-design--flat  forminator_ajax\"\r\n\t\t\t\tmethod=\"post\"\r\n\t\t\t\tdata-forminator-render=\"0\"\r\n\t\t\t\tdata-form-id=\"54088\"\r\n\t\t\t\t\r\n\t\t\t\tdata-design=\"flat\"\r\n\t\t\t\t\r\n\t\t\t\t\r\n\t\t\t\t\r\n\t\t\t\tdata-grid=\"open\"\r\n\t\t\t\t\r\n\t\t\t\t\r\n\t\t\t\tstyle=\"display: none;\"\r\n\t\t\t\t\r\n\t\t\t\tdata-uid=\"69e33b74eeff3\"\r\n\t\t\t><div class=\"forminator-response-message forminator-error\" aria-hidden=\"true\"><\/div><div class=\"forminator-row\"><div id=\"name-1\" class=\"forminator-col forminator-col-12 \"><div class=\"forminator-row forminator-no-margin\" data-multiple=\"true\"><div class=\"forminator-col forminator-col-md-6\"><div class=\"forminator-field\"><input type=\"text\" name=\"name-1-first-name\" placeholder=\"Pr\u00e9nom\" id=\"forminator-field-first-name-1_69e33b74eeff3\" class=\"forminator-input\" aria-required=\"true\" data-multi=\"1\" value=\"\" \/><\/div><\/div><div class=\"forminator-col forminator-col-md-6\"><div class=\"forminator-field\"><input type=\"text\" name=\"name-1-last-name\" placeholder=\"Nom\" id=\"forminator-field-last-name-1_69e33b74eeff3\" class=\"forminator-input\" aria-required=\"true\" data-multi=\"1\" value=\"\" \/><\/div><\/div><\/div><\/div><\/div><div class=\"forminator-row\"><div id=\"email-1\" class=\"forminator-col forminator-col-6 \"><div class=\"forminator-field\"><input type=\"email\" name=\"email-1\" value=\"\" placeholder=\"Email\" id=\"forminator-field-email-1_69e33b74eeff3\" class=\"forminator-input forminator-email--field\" data-required=\"true\" aria-required=\"true\" \/><\/div><\/div><div id=\"phone-1\" class=\"forminator-col forminator-col-6 \"><div class=\"forminator-field\"><input type=\"text\" name=\"phone-1\" value=\"\" placeholder=\"T\u00e9l\u00e9phone\" id=\"forminator-field-phone-1_69e33b74eeff3\" class=\"forminator-input forminator-field--phone\" data-required=\"1\" aria-required=\"true\" autocomplete=\"off\" \/><\/div><\/div><\/div><div class=\"forminator-row\"><div id=\"textarea-1\" class=\"forminator-col forminator-col-12 \"><div class=\"forminator-field\"><textarea name=\"textarea-1\" placeholder=\"Message\" id=\"forminator-field-textarea-1_69e33b74eeff3\" class=\"forminator-textarea\" rows=\"6\" style=\"min-height:140px;\" maxlength=\"180\" ><\/textarea><span id=\"forminator-field-textarea-1_69e33b74eeff3-description\" class=\"forminator-description\"><span data-limit=\"180\" data-type=\"characters\">0 \/ 180<\/span><\/span><\/div><\/div><\/div><input type=\"hidden\" name=\"referer_url\" value=\"\" \/><div class=\"forminator-row forminator-row-last\"><div class=\"forminator-col\"><div class=\"forminator-field\"><button class=\"forminator-button forminator-button-submit\">Envoyer<\/button><\/div><\/div><\/div><input type=\"hidden\" id=\"forminator_nonce\" name=\"forminator_nonce\" value=\"5ca152aa41\" \/><input type=\"hidden\" name=\"_wp_http_referer\" value=\"\/fr\/wp-json\/wp\/v2\/pages\/53624\" \/><input type=\"hidden\" name=\"form_id\" value=\"54088\"><input type=\"hidden\" name=\"page_id\" value=\"53624\"><input type=\"hidden\" name=\"form_type\" value=\"default\"><input type=\"hidden\" name=\"current_url\" value=\"https:\/\/renovation-partner.com\/fr\/contact\/\"><input type=\"hidden\" name=\"render_id\" value=\"0\"><input type=\"hidden\" name=\"action\" value=\"forminator_submit_form_custom-forms\"><\/form>[\/et_pb_code][\/et_pb_column][\/et_pb_row][\/et_pb_section][et_pb_section fb_built=\u00a0\u00bb1&Prime; fullwidth=\u00a0\u00bbon\u00a0\u00bb _builder_version=\u00a0\u00bb4.16&Prime; _module_preset=\u00a0\u00bbdefault\u00a0\u00bb collapsed=\u00a0\u00bboff\u00a0\u00bb global_colors_info=\u00a0\u00bb{}\u00a0\u00bb][et_pb_fullwidth_code _builder_version=\u00a0\u00bb4.17.4&Prime; _module_preset=\u00a0\u00bbdefault\u00a0\u00bb filter_saturate=\u00a0\u00bb0%\u00a0\u00bb global_colors_info=\u00a0\u00bb{}\u00a0\u00bb]<iframe src=\"https:\/\/www.google.com\/maps\/embed?pb=!1m18!1m12!1m3!1d2623.5922238774333!2d2.299886016019718!3d48.885049679290184!2m3!1f0!2f0!3f0!3m2!1i1024!2i768!4f13.1!3m3!1m2!1s0x47e66fbd7de3a20b%3A0xd31da47b631c750c!2s51%20Rue%20Amp%C3%A8re%2C%2075017%20Paris!5e0!3m2!1sfr!2sfr!4v1655652998733!5m2!1sfr!2sfr\" width=\"100%\" height=\"600\" style=\"border:0;\" allowfullscreen=\"\" loading=\"lazy\" referrerpolicy=\"no-referrer-when-downgrade\"><\/iframe>[\/et_pb_fullwidth_code][\/et_pb_section]<\/p>\n<span class=\"et_bloom_bottom_trigger\"><\/span>","protected":false},"excerpt":{"rendered":"<p>Renovation Partner Un guichet unique pour la r\u00e9alisation de votre r\u00e9novation ! Une m\u00e9thodologie permettant la r\u00e9novation de votre bien, de l&rsquo;estimation \u00e0 la r\u00e9alisation.Nos principaux engagements : Assistance dans votre langue Des acteurs v\u00e9rifi\u00e9s Coordination de tous les acteurs Suivi en direct du processus de r\u00e9novation Supervision par GM Avocats et paiements s\u00e9curis\u00e9s <div class=\"et_pb_module dipi_button_grid dipi_button_grid_0\">\n\t\t\t\t\n\t\t\t\t\n\t\t\t\t\n\t\t\t\t\n\t\t\t\t\n\t\t\t\t\n\t\t\t\t<div class=\"et_pb_module_inner\">\n\t\t\t\t\t<div class=\"dipi-button-grid-container\">\n                \n            <\/div>\n\t\t\t\t<\/div>\n\t\t\t<\/div><\/p>\n","protected":false},"author":1,"featured_media":0,"parent":0,"menu_order":23,"comment_status":"closed","ping_status":"closed","template":"","meta":{"_et_pb_use_builder":"on","_et_pb_old_content":"","_et_gb_content_width":"","content-type":""},"dipi_cpt_category":[],"acf":[],"yoast_head":"<!-- This site is optimized with the Yoast SEO plugin v21.1 - https:\/\/yoast.com\/wordpress\/plugins\/seo\/ -->\n<title>Contacter Renovation Partner - Votre partenaire de gestion de vos biens immobiliers en France<\/title>\n<meta name=\"description\" content=\"Renovation Partner vous assiste dans la gestion de votre bien immobilier en France : Travaux, Gestion, Achat \/ Vente\" \/>\n<meta name=\"robots\" content=\"index, follow, max-snippet:-1, max-image-preview:large, max-video-preview:-1\" \/>\n<link rel=\"canonical\" href=\"https:\/\/renovation-partner.com\/fr\/contact\/\" \/>\n<meta property=\"og:locale\" content=\"fr_FR\" \/>\n<meta property=\"og:type\" content=\"article\" \/>\n<meta property=\"og:title\" content=\"Contacter Renovation Partner - Votre partenaire de gestion de vos biens immobiliers en France\" \/>\n<meta property=\"og:description\" content=\"Renovation Partner vous assiste dans la gestion de votre bien immobilier en France : Travaux, Gestion, Achat \/ Vente\" \/>\n<meta property=\"og:url\" content=\"https:\/\/renovation-partner.com\/fr\/contact\/\" \/>\n<meta property=\"og:site_name\" content=\"Renovation Partner\" \/>\n<meta property=\"article:modified_time\" content=\"2022-11-18T10:03:27+00:00\" \/>\n<meta property=\"og:image\" content=\"https:\/\/renovation-partner.com\/wp-content\/uploads\/2022\/10\/accueil.jpg\" \/>\n\t<meta property=\"og:image:width\" content=\"1920\" \/>\n\t<meta property=\"og:image:height\" content=\"1056\" \/>\n\t<meta property=\"og:image:type\" content=\"image\/jpeg\" \/>\n<meta name=\"twitter:card\" content=\"summary_large_image\" \/>\n<meta name=\"twitter:title\" content=\"Contacter Renovation Partner - Votre partenaire de gestion de vos biens immobiliers en France\" \/>\n<meta name=\"twitter:description\" content=\"Renovation Partner vous assiste dans la gestion de votre bien immobilier en France : Travaux, Gestion, Achat \/ Vente\" \/>\n<meta name=\"twitter:image\" content=\"https:\/\/renovation-partner.com\/wp-content\/uploads\/2022\/10\/accueil.jpg\" \/>\n<!-- \/ Yoast SEO plugin. -->","yoast_head_json":{"title":"Contacter Renovation Partner - Votre partenaire de gestion de vos biens immobiliers en France","description":"Renovation Partner vous assiste dans la gestion de votre bien immobilier en France : Travaux, Gestion, Achat \/ Vente","robots":{"index":"index","follow":"follow","max-snippet":"max-snippet:-1","max-image-preview":"max-image-preview:large","max-video-preview":"max-video-preview:-1"},"canonical":"https:\/\/renovation-partner.com\/fr\/contact\/","og_locale":"fr_FR","og_type":"article","og_title":"Contacter Renovation Partner - Votre partenaire de gestion de vos biens immobiliers en France","og_description":"Renovation Partner vous assiste dans la gestion de votre bien immobilier en France : Travaux, Gestion, Achat \/ Vente","og_url":"https:\/\/renovation-partner.com\/fr\/contact\/","og_site_name":"Renovation Partner","article_modified_time":"2022-11-18T10:03:27+00:00","og_image":[{"width":1920,"height":1056,"url":"https:\/\/renovation-partner.com\/wp-content\/uploads\/2022\/10\/accueil.jpg","type":"image\/jpeg"}],"twitter_card":"summary_large_image","twitter_title":"Contacter Renovation Partner - Votre partenaire de gestion de vos biens immobiliers en France","twitter_description":"Renovation Partner vous assiste dans la gestion de votre bien immobilier en France : Travaux, Gestion, Achat \/ Vente","twitter_image":"https:\/\/renovation-partner.com\/wp-content\/uploads\/2022\/10\/accueil.jpg","schema":{"@context":"https:\/\/schema.org","@graph":[{"@type":"WebPage","@id":"https:\/\/renovation-partner.com\/fr\/contact\/","url":"https:\/\/renovation-partner.com\/fr\/contact\/","name":"Contacter Renovation Partner - Votre partenaire de gestion de vos biens immobiliers en France","isPartOf":{"@id":"https:\/\/renovation-partner.com\/fr\/#website"},"datePublished":"2021-02-27T16:07:44+00:00","dateModified":"2022-11-18T10:03:27+00:00","description":"Renovation Partner vous assiste dans la gestion de votre bien immobilier en France : Travaux, Gestion, Achat \/ Vente","breadcrumb":{"@id":"https:\/\/renovation-partner.com\/fr\/contact\/#breadcrumb"},"inLanguage":"fr-FR","potentialAction":[{"@type":"ReadAction","target":["https:\/\/renovation-partner.com\/fr\/contact\/"]}]},{"@type":"BreadcrumbList","@id":"https:\/\/renovation-partner.com\/fr\/contact\/#breadcrumb","itemListElement":[{"@type":"ListItem","position":1,"name":"Accueil","item":"https:\/\/renovation-partner.com\/fr\/"},{"@type":"ListItem","position":2,"name":"Contact"}]},{"@type":"WebSite","@id":"https:\/\/renovation-partner.com\/fr\/#website","url":"https:\/\/renovation-partner.com\/fr\/","name":"Renovation Partner","description":"Renovation Partner","publisher":{"@id":"https:\/\/renovation-partner.com\/fr\/#organization"},"potentialAction":[{"@type":"SearchAction","target":{"@type":"EntryPoint","urlTemplate":"https:\/\/renovation-partner.com\/fr\/?s={search_term_string}"},"query-input":"required name=search_term_string"}],"inLanguage":"fr-FR"},{"@type":"Organization","@id":"https:\/\/renovation-partner.com\/fr\/#organization","name":"Success In Franchising","url":"https:\/\/renovation-partner.com\/fr\/","logo":{"@type":"ImageObject","inLanguage":"fr-FR","@id":"https:\/\/renovation-partner.com\/fr\/#\/schema\/logo\/image\/","url":"https:\/\/renovation-partner.com\/wp-content\/uploads\/2022\/06\/sif-partage.jpg","contentUrl":"https:\/\/renovation-partner.com\/wp-content\/uploads\/2022\/06\/sif-partage.jpg","width":1200,"height":630,"caption":"Success In Franchising"},"image":{"@id":"https:\/\/renovation-partner.com\/fr\/#\/schema\/logo\/image\/"}}]}},"_links":{"self":[{"href":"https:\/\/renovation-partner.com\/fr\/wp-json\/wp\/v2\/pages\/53624"}],"collection":[{"href":"https:\/\/renovation-partner.com\/fr\/wp-json\/wp\/v2\/pages"}],"about":[{"href":"https:\/\/renovation-partner.com\/fr\/wp-json\/wp\/v2\/types\/page"}],"author":[{"embeddable":true,"href":"https:\/\/renovation-partner.com\/fr\/wp-json\/wp\/v2\/users\/1"}],"replies":[{"embeddable":true,"href":"https:\/\/renovation-partner.com\/fr\/wp-json\/wp\/v2\/comments?post=53624"}],"version-history":[{"count":19,"href":"https:\/\/renovation-partner.com\/fr\/wp-json\/wp\/v2\/pages\/53624\/revisions"}],"predecessor-version":[{"id":54544,"href":"https:\/\/renovation-partner.com\/fr\/wp-json\/wp\/v2\/pages\/53624\/revisions\/54544"}],"wp:attachment":[{"href":"https:\/\/renovation-partner.com\/fr\/wp-json\/wp\/v2\/media?parent=53624"}],"wp:term":[{"taxonomy":"dipi_cpt_category","embeddable":true,"href":"https:\/\/renovation-partner.com\/fr\/wp-json\/wp\/v2\/dipi_cpt_category?post=53624"}],"curies":[{"name":"wp","href":"https:\/\/api.w.org\/{rel}","templated":true}]}}