{"id":53637,"date":"2022-03-31T13:12:35","date_gmt":"2022-03-31T11:12:35","guid":{"rendered":"https:\/\/renovation-partner.com\/bibliotheque\/actualites\/"},"modified":"2022-11-18T11:00:40","modified_gmt":"2022-11-18T10:00:40","slug":"actualites","status":"publish","type":"page","link":"https:\/\/renovation-partner.com\/fr\/bibliotheque\/actualites\/","title":{"rendered":"Actualit\u00e9s"},"content":{"rendered":"<p>[et_pb_section fb_built=\u00a0\u00bb1&Prime; _builder_version=\u00a0\u00bb4.18.0&Prime; _module_preset=\u00a0\u00bbdefault\u00a0\u00bb background_color=\u00a0\u00bbrgba(0,0,0,0.25)\u00a0\u00bb background_image=\u00a0\u00bbhttps:\/\/renovation-partner.com\/wp-content\/uploads\/2022\/10\/news.jpg\u00a0\u00bb background_blend=\u00a0\u00bbmultiply\u00a0\u00bb custom_padding=\u00a0\u00bb60px||60px||true|false\u00a0\u00bb locked=\u00a0\u00bboff\u00a0\u00bb collapsed=\u00a0\u00bboff\u00a0\u00bb global_colors_info=\u00a0\u00bb{}\u00a0\u00bb][et_pb_row _builder_version=\u00a0\u00bb4.16&Prime; _module_preset=\u00a0\u00bbdefault\u00a0\u00bb global_colors_info=\u00a0\u00bb{}\u00a0\u00bb][et_pb_column type=\u00a0\u00bb4_4&Prime; _builder_version=\u00a0\u00bb4.16&Prime; _module_preset=\u00a0\u00bbdefault\u00a0\u00bb global_colors_info=\u00a0\u00bb{}\u00a0\u00bb][dipi_breadcrumbs bc_schema=\u00a0\u00bbon\u00a0\u00bb bc_separator_color=\u00a0\u00bb#FFFFFF\u00a0\u00bb _builder_version=\u00a0\u00bb4.16&Prime; _module_preset=\u00a0\u00bbdefault\u00a0\u00bb items_text_color=\u00a0\u00bb#FFFFFF\u00a0\u00bb hover_text_color=\u00a0\u00bb#FFFFFF\u00a0\u00bb active_text_color=\u00a0\u00bb#FFFFFF\u00a0\u00bb custom_margin=\u00a0\u00bb0px||0px||true|false\u00a0\u00bb custom_padding=\u00a0\u00bb0px||0px||true|false\u00a0\u00bb global_colors_info=\u00a0\u00bb{}\u00a0\u00bb][\/dipi_breadcrumbs][et_pb_text admin_label=\u00a0\u00bbDocumentation sur le syst\u00e8me de Franchise\t\t\t\t\t\t\t\u00a0\u00bb _builder_version=\u00a0\u00bb4.18.0&Prime; _module_preset=\u00a0\u00bbdefault\u00a0\u00bb header_font=\u00a0\u00bb|||on|||||\u00a0\u00bb header_text_color=\u00a0\u00bb#FFFFFF\u00a0\u00bb global_colors_info=\u00a0\u00bb{}\u00a0\u00bb]<\/p>\n<h1>ACTUALIT\u00c9S SUR LES TRAVAUX DE R\u00c9NOVATION ET DE CONSTRUCTION EN FRANCE<\/h1>\n<p>[\/et_pb_text][et_pb_text _builder_version=\u00a0\u00bb4.18.0&Prime; _module_preset=\u00a0\u00bbdefault\u00a0\u00bb background_layout=\u00a0\u00bbdark\u00a0\u00bb global_colors_info=\u00a0\u00bb{}\u00a0\u00bb]<span>Les travaux de r\u00e9novation et de construction en France sont des op\u00e9rations complexes pour les particuliers. Vous trouverez ici toutes les actualit\u00e9s pour vous informer sur la r\u00e9glementation et les travaux en France.<br \/>\n<\/span>[\/et_pb_text][\/et_pb_column][\/et_pb_row][\/et_pb_section][et_pb_section fb_built=\u00a0\u00bb1&Prime; _builder_version=\u00a0\u00bb4.16&Prime; _module_preset=\u00a0\u00bbdefault\u00a0\u00bb collapsed=\u00a0\u00bbon\u00a0\u00bb global_colors_info=\u00a0\u00bb{}\u00a0\u00bb][et_pb_row _builder_version=\u00a0\u00bb4.19.0&Prime; _module_preset=\u00a0\u00bbdefault\u00a0\u00bb global_colors_info=\u00a0\u00bb{}\u00a0\u00bb][et_pb_column type=\u00a0\u00bb4_4&Prime; _builder_version=\u00a0\u00bb4.19.0&Prime; _module_preset=\u00a0\u00bbdefault\u00a0\u00bb global_colors_info=\u00a0\u00bb{}\u00a0\u00bb][et_pb_text _builder_version=\u00a0\u00bb4.19.0&Prime; _module_preset=\u00a0\u00bbdefault\u00a0\u00bb global_colors_info=\u00a0\u00bb{}\u00a0\u00bb]<\/p>\n<h2>Bient\u00f4t disponible<\/h2>\n<p>Inscrivez-vous \u00e0 notre newsletter pour \u00eatre inform\u00e9 des derni\u00e8res nouvelles.<\/p>\n<p>[\/et_pb_text][et_pb_button button_text=\u00a0\u00bbS&rsquo;abonner\u00a0\u00bb module_class=\u00a0\u00bbbtn-nl\u00a0\u00bb _builder_version=\u00a0\u00bb4.19.0&Prime; _module_preset=\u00a0\u00bbdefault\u00a0\u00bb custom_button=\u00a0\u00bbon\u00a0\u00bb button_bg_color=\u00a0\u00bb#E8D323&Prime; button_border_color=\u00a0\u00bb#E8D323&Prime; hover_enabled=\u00a0\u00bb0&Prime; global_colors_info=\u00a0\u00bb{}\u00a0\u00bb button_bg_color__hover_enabled=\u00a0\u00bbon|hover\u00a0\u00bb button_bg_color__hover=\u00a0\u00bb#162E24&Prime; button_bg_enable_color__hover=\u00a0\u00bbon\u00a0\u00bb button_border_color__hover_enabled=\u00a0\u00bbon|hover\u00a0\u00bb button_border_color__hover=\u00a0\u00bb#162E24&Prime; sticky_enabled=\u00a0\u00bb0&Prime;][\/et_pb_button][\/et_pb_column][\/et_pb_row][et_pb_row _builder_version=\u00a0\u00bb4.18.0&Prime; _module_preset=\u00a0\u00bbdefault\u00a0\u00bb border_width_bottom=\u00a0\u00bb2px\u00a0\u00bb border_color_bottom=\u00a0\u00bb#E8D323&Prime; global_colors_info=\u00a0\u00bb{}\u00a0\u00bb][et_pb_column type=\u00a0\u00bb4_4&Prime; _builder_version=\u00a0\u00bb4.16&Prime; _module_preset=\u00a0\u00bbdefault\u00a0\u00bb global_colors_info=\u00a0\u00bb{}\u00a0\u00bb][et_pb_text _builder_version=\u00a0\u00bb4.18.0&Prime; _module_preset=\u00a0\u00bbdefault\u00a0\u00bb global_colors_info=\u00a0\u00bb{}\u00a0\u00bb]<\/p>\n<h2>Actualit\u00e9s sur la r\u00e9glementation<\/h2>\n<p>[\/et_pb_text][dpdfg_filtergrid include_categories=\u00a0\u00bb115&Prime; post_number=\u00a0\u00bb24&Prime; use_overlay=\u00a0\u00bboff\u00a0\u00bb show_post_meta=\u00a0\u00bboff\u00a0\u00bb show_filters=\u00a0\u00bboff\u00a0\u00bb items_width=\u00a0\u00bb49%\u00a0\u00bb items_width_tablet=\u00a0\u00bb48%\u00a0\u00bb items_width_phone=\u00a0\u00bb48%\u00a0\u00bb items_width_last_edited=\u00a0\u00bbon|phone\u00a0\u00bb _builder_version=\u00a0\u00bb4.18.0&Prime; _module_preset=\u00a0\u00bbdefault\u00a0\u00bb dpdfg_pagination_text_color=\u00a0\u00bb#00265B\u00a0\u00bb global_colors_info=\u00a0\u00bb{}\u00a0\u00bb dpdfg_pagination_text_color__hover_enabled=\u00a0\u00bbon|hover\u00a0\u00bb dpdfg_pagination_text_color__hover=\u00a0\u00bb#E41134&Prime;][\/dpdfg_filtergrid][\/et_pb_column][\/et_pb_row][et_pb_row _builder_version=\u00a0\u00bb4.18.0&Prime; _module_preset=\u00a0\u00bbdefault\u00a0\u00bb border_width_bottom=\u00a0\u00bb2px\u00a0\u00bb border_color_bottom=\u00a0\u00bb#E8D323&Prime; global_colors_info=\u00a0\u00bb{}\u00a0\u00bb][et_pb_column type=\u00a0\u00bb4_4&Prime; _builder_version=\u00a0\u00bb4.16&Prime; _module_preset=\u00a0\u00bbdefault\u00a0\u00bb global_colors_info=\u00a0\u00bb{}\u00a0\u00bb][et_pb_text _builder_version=\u00a0\u00bb4.18.0&Prime; _module_preset=\u00a0\u00bbdefault\u00a0\u00bb global_colors_info=\u00a0\u00bb{}\u00a0\u00bb]<\/p>\n<h2>Actualit\u00e9s sur la r\u00e9novation et la construction en France<\/h2>\n<p>[\/et_pb_text][dpdfg_filtergrid include_categories=\u00a0\u00bb1&Prime; post_number=\u00a0\u00bb24&Prime; use_overlay=\u00a0\u00bboff\u00a0\u00bb show_post_meta=\u00a0\u00bboff\u00a0\u00bb show_filters=\u00a0\u00bboff\u00a0\u00bb items_width=\u00a0\u00bb49%\u00a0\u00bb items_width_tablet=\u00a0\u00bb48%\u00a0\u00bb items_width_phone=\u00a0\u00bb48%\u00a0\u00bb items_width_last_edited=\u00a0\u00bbon|phone\u00a0\u00bb _builder_version=\u00a0\u00bb4.18.0&Prime; _module_preset=\u00a0\u00bbdefault\u00a0\u00bb dpdfg_pagination_text_color=\u00a0\u00bb#00265B\u00a0\u00bb global_colors_info=\u00a0\u00bb{}\u00a0\u00bb dpdfg_pagination_text_color__hover_enabled=\u00a0\u00bbon|hover\u00a0\u00bb dpdfg_pagination_text_color__hover=\u00a0\u00bb#E41134&Prime;][\/dpdfg_filtergrid][\/et_pb_column][\/et_pb_row][\/et_pb_section][et_pb_section fb_built=\u00a0\u00bb1&Prime; admin_label=\u00a0\u00bbFormulaires\u00a0\u00bb _builder_version=\u00a0\u00bb4.18.0&Prime; _module_preset=\u00a0\u00bbdefault\u00a0\u00bb background_color=\u00a0\u00bb#162E24&Prime; custom_margin=\u00a0\u00bb50px||||false|false\u00a0\u00bb saved_tabs=\u00a0\u00bball\u00a0\u00bb locked=\u00a0\u00bboff\u00a0\u00bb collapsed=\u00a0\u00bboff\u00a0\u00bb global_colors_info=\u00a0\u00bb{}\u00a0\u00bb][et_pb_row _builder_version=\u00a0\u00bb4.18.0&Prime; _module_preset=\u00a0\u00bbdefault\u00a0\u00bb custom_padding=\u00a0\u00bb60px||60px||true|false\u00a0\u00bb global_colors_info=\u00a0\u00bb{}\u00a0\u00bb][et_pb_column type=\u00a0\u00bb4_4&Prime; _builder_version=\u00a0\u00bb4.16&Prime; _module_preset=\u00a0\u00bbdefault\u00a0\u00bb global_colors_info=\u00a0\u00bb{}\u00a0\u00bb][dpdfg_filtergrid custom_query=\u00a0\u00bbadvanced\u00a0\u00bb multiple_cpt=\u00a0\u00bbform\u00a0\u00bb post_number=\u00a0\u00bb1&Prime; order=\u00a0\u00bbASC\u00a0\u00bb orderby=\u00a0\u00bbmenu_order\u00a0\u00bb no_results=\u00a0\u00bbAucun formulaire\u00a0\u00bb use_overlay=\u00a0\u00bboff\u00a0\u00bb show_author=\u00a0\u00bboff\u00a0\u00bb show_terms=\u00a0\u00bbon\u00a0\u00bb show_terms_taxonomy=\u00a0\u00bbtype_formulaire\u00a0\u00bb terms_links=\u00a0\u00bboff\u00a0\u00bb show_filters=\u00a0\u00bboff\u00a0\u00bb show_pagination=\u00a0\u00bboff\u00a0\u00bb items_layout=\u00a0\u00bbdp-dfg-layout-none\u00a0\u00bb popup_bg=\u00a0\u00bb#FFFFFF\u00a0\u00bb bg_items=\u00a0\u00bb#E8D323&Prime; _builder_version=\u00a0\u00bb4.18.0&Prime; _module_preset=\u00a0\u00bbdefault\u00a0\u00bb dpdfg_entry_title_text_align=\u00a0\u00bbcenter\u00a0\u00bb dpdfg_entry_title_text_color=\u00a0\u00bb#FFFFFF\u00a0\u00bb dpdfg_entry_title_font_size=\u00a0\u00bb1.5rem\u00a0\u00bb dpdfg_entry_meta_text_align=\u00a0\u00bbcenter\u00a0\u00bb dpdfg_entry_meta_text_color=\u00a0\u00bb#E41134&Prime; dpdfg_entry_meta_font_size=\u00a0\u00bb1rem\u00a0\u00bb custom_read_more_button=\u00a0\u00bbon\u00a0\u00bb read_more_button_text_color=\u00a0\u00bb#FFFFFF\u00a0\u00bb read_more_button_bg_color=\u00a0\u00bb#E8D323&Prime; read_more_button_use_icon=\u00a0\u00bboff\u00a0\u00bb custom_action_button=\u00a0\u00bbon\u00a0\u00bb action_button_text_color=\u00a0\u00bb#FFFFFF\u00a0\u00bb action_button_bg_color=\u00a0\u00bb#E8D323&Prime; action_button_use_icon=\u00a0\u00bboff\u00a0\u00bb width=\u00a0\u00bb320px\u00a0\u00bb min_height=\u00a0\u00bb0px\u00a0\u00bb custom_margin=\u00a0\u00bb0px|auto|0px|auto|false|false\u00a0\u00bb custom_padding=\u00a0\u00bb||||false|false\u00a0\u00bb custom_css_dp-dfg-item=\u00a0\u00bbpadding:20px 20px 0;\u00a0\u00bb border_width_all=\u00a0\u00bb0px\u00a0\u00bb global_colors_info=\u00a0\u00bb{}\u00a0\u00bb][\/dpdfg_filtergrid][\/et_pb_column][\/et_pb_row][\/et_pb_section][et_pb_section fb_built=\u00a0\u00bb1&Prime; admin_label=\u00a0\u00bbLivres blancs\u00a0\u00bb _builder_version=\u00a0\u00bb4.17.1&Prime; _module_preset=\u00a0\u00bbdefault\u00a0\u00bb background_color=\u00a0\u00bb#ECEEF0&Prime; saved_tabs=\u00a0\u00bball\u00a0\u00bb collapsed=\u00a0\u00bboff\u00a0\u00bb global_colors_info=\u00a0\u00bb{}\u00a0\u00bb][et_pb_row column_structure=\u00a0\u00bb1_3,2_3&Prime; make_equal=\u00a0\u00bbon\u00a0\u00bb _builder_version=\u00a0\u00bb4.19.0&Prime; _module_preset=\u00a0\u00bbdefault\u00a0\u00bb background_position=\u00a0\u00bbbottom_center\u00a0\u00bb background_vertical_offset=\u00a0\u00bb34%\u00a0\u00bb custom_padding=\u00a0\u00bb60px||60px||true|false\u00a0\u00bb global_colors_info=\u00a0\u00bb{}\u00a0\u00bb][et_pb_column type=\u00a0\u00bb1_3&Prime; _builder_version=\u00a0\u00bb4.19.0&Prime; _module_preset=\u00a0\u00bbdefault\u00a0\u00bb background_color=\u00a0\u00bbRGBA(255,255,255,0)\u00a0\u00bb background_image=\u00a0\u00bbhttps:\/\/renovation-partner.com\/wp-content\/uploads\/2022\/10\/subscribe.jpg\u00a0\u00bb background_position=\u00a0\u00bbtop_center\u00a0\u00bb background_vertical_offset=\u00a0\u00bb33%\u00a0\u00bb custom_padding=\u00a0\u00bb0px|0px|0px|0px|true|true\u00a0\u00bb global_colors_info=\u00a0\u00bb{}\u00a0\u00bb][\/et_pb_column][et_pb_column type=\u00a0\u00bb2_3&Prime; _builder_version=\u00a0\u00bb4.19.0&Prime; _module_preset=\u00a0\u00bbdefault\u00a0\u00bb global_colors_info=\u00a0\u00bb{}\u00a0\u00bb][et_pb_text _builder_version=\u00a0\u00bb4.19.0&Prime; _module_preset=\u00a0\u00bbdefault\u00a0\u00bb header_2_text_color=\u00a0\u00bb#162E24&Prime; header_2_font_size=\u00a0\u00bb2rem\u00a0\u00bb custom_padding=\u00a0\u00bb||30px||false|false\u00a0\u00bb global_colors_info=\u00a0\u00bb{}\u00a0\u00bb]<\/p>\n<h2>Abonnez-vous \u00e0 notre base de donn\u00e9es et t\u00e9l\u00e9chargez nos e-books gratuits :<\/h2>\n<p>[\/et_pb_text][dpdfg_filtergrid custom_query=\u00a0\u00bbadvanced\u00a0\u00bb multiple_cpt=\u00a0\u00bbebook\u00a0\u00bb order=\u00a0\u00bbASC\u00a0\u00bb orderby=\u00a0\u00bbtype\u00a0\u00bb show_thumbnail=\u00a0\u00bboff\u00a0\u00bb use_overlay=\u00a0\u00bboff\u00a0\u00bb show_post_meta=\u00a0\u00bboff\u00a0\u00bb show_filters=\u00a0\u00bboff\u00a0\u00bb items_layout=\u00a0\u00bbdp-dfg-layout-list\u00a0\u00bb thumb_min_width=\u00a0\u00bb0px\u00a0\u00bb thumb_width=\u00a0\u00bb0%\u00a0\u00bb column_gutter=\u00a0\u00bb0em\u00a0\u00bb row_gutter=\u00a0\u00bb1em\u00a0\u00bb thumb_min_width_tablet=\u00a0\u00bb0px\u00a0\u00bb thumb_min_width_phone=\u00a0\u00bb0px\u00a0\u00bb thumb_min_width_last_edited=\u00a0\u00bbon|phone\u00a0\u00bb thumb_width_tablet=\u00a0\u00bb0%\u00a0\u00bb thumb_width_phone=\u00a0\u00bb\u00a0\u00bb thumb_width_last_edited=\u00a0\u00bbon|phone\u00a0\u00bb _builder_version=\u00a0\u00bb4.18.0&Prime; _module_preset=\u00a0\u00bbdefault\u00a0\u00bb dpdfg_entry_title_text_color=\u00a0\u00bb#162E24&Prime; dpdfg_pagination_text_color=\u00a0\u00bb#162E24&Prime; global_colors_info=\u00a0\u00bb{}\u00a0\u00bb dpdfg_entry_title_text_color__hover_enabled=\u00a0\u00bbon|hover\u00a0\u00bb dpdfg_entry_title_text_color__hover=\u00a0\u00bb#E8D323&Prime; dpdfg_pagination_text_color__hover_enabled=\u00a0\u00bbon|hover\u00a0\u00bb dpdfg_pagination_text_color__hover=\u00a0\u00bb#E8D323&Prime;][\/dpdfg_filtergrid][\/et_pb_column][\/et_pb_row][\/et_pb_section][et_pb_section fb_built=\u00a0\u00bb1&Prime; admin_label=\u00a0\u00bbBoutique\u00a0\u00bb _builder_version=\u00a0\u00bb4.18.0&Prime; _module_preset=\u00a0\u00bbdefault\u00a0\u00bb background_color=\u00a0\u00bb#191919&Prime; use_background_color_gradient=\u00a0\u00bbon\u00a0\u00bb background_color_gradient_stops=\u00a0\u00bbrgba(0,0,0,0.44) 0%|rgba(0,0,0,0.34) 100%\u00a0\u00bb background_color_gradient_overlays_image=\u00a0\u00bbon\u00a0\u00bb background_image=\u00a0\u00bbhttps:\/\/renovation-partner.com\/wp-content\/uploads\/2022\/10\/accueil.jpg\u00a0\u00bb background_blend=\u00a0\u00bbdarken\u00a0\u00bb saved_tabs=\u00a0\u00bball\u00a0\u00bb collapsed=\u00a0\u00bboff\u00a0\u00bb global_colors_info=\u00a0\u00bb{}\u00a0\u00bb][et_pb_row _builder_version=\u00a0\u00bb4.16&Prime; _module_preset=\u00a0\u00bbdefault\u00a0\u00bb custom_padding=\u00a0\u00bb60px||60px||true|false\u00a0\u00bb global_colors_info=\u00a0\u00bb{}\u00a0\u00bb][et_pb_column type=\u00a0\u00bb4_4&Prime; _builder_version=\u00a0\u00bb4.16&Prime; _module_preset=\u00a0\u00bbdefault\u00a0\u00bb global_colors_info=\u00a0\u00bb{}\u00a0\u00bb][et_pb_cta title=\u00a0\u00bbRenovation Partner\u00a0\u00bb button_url=\u00a0\u00bb@ET-DC@eyJkeW5hbWljIjp0cnVlLCJjb250ZW50IjoicG9zdF9saW5rX3VybF9wYWdlIiwic2V0dGluZ3MiOnsicG9zdF9pZCI6IjUyMzcyIn19@\u00a0\u00bb button_text=\u00a0\u00bbvoir la liste des prix des services de %22Renovation Partner%22 et des autres acteurs de la r\u00e9novation\u00a0\u00bb _builder_version=\u00a0\u00bb4.18.0&Prime; _dynamic_attributes=\u00a0\u00bbbutton_url\u00a0\u00bb _module_preset=\u00a0\u00bbdefault\u00a0\u00bb header_font_size=\u00a0\u00bb2rem\u00a0\u00bb body_text_align=\u00a0\u00bbleft\u00a0\u00bb body_text_color=\u00a0\u00bb#ffffff\u00a0\u00bb body_font_size=\u00a0\u00bb1.2rem\u00a0\u00bb body_line_height=\u00a0\u00bb1.8rem\u00a0\u00bb background_enable_color=\u00a0\u00bboff\u00a0\u00bb custom_button=\u00a0\u00bbon\u00a0\u00bb button_text_size=\u00a0\u00bb1.2rem\u00a0\u00bb button_use_icon=\u00a0\u00bboff\u00a0\u00bb button_custom_padding=\u00a0\u00bb0.3em|1em|0.3em|1em|true|true\u00a0\u00bb text_orientation=\u00a0\u00bbleft\u00a0\u00bb custom_padding=\u00a0\u00bb0px|0px|0px|0px|true|true\u00a0\u00bb global_colors_info=\u00a0\u00bb{}\u00a0\u00bb]<\/p>\n<p>Une m\u00e9thodologie unique : tous les acteurs de la r\u00e9novation sous un m\u00eame toit, directement op\u00e9rationnels et g\u00e9r\u00e9s par votre repr\u00e9sentant personnel parlant votre langue, avec l&rsquo;assistance de <a href=\"https:\/\/gm-avocats.com\/\" target=\"_blank\" rel=\"noopener\">GM Avocats<\/a> pour assurer la s\u00e9curit\u00e9 de votre projet.<\/p>\n<p>[\/et_pb_cta][\/et_pb_column][\/et_pb_row][\/et_pb_section]<\/p>\n<span class=\"et_bloom_bottom_trigger\"><\/span>","protected":false},"excerpt":{"rendered":"<p><div class=\"et_pb_module dipi_breadcrumbs dipi_breadcrumbs_0\">\n\t\t\t\t\n\t\t\t\t\n\t\t\t\t\n\t\t\t\t\n\t\t\t\t\n\t\t\t\t\n\t\t\t\t<div class=\"et_pb_module_inner\">\n\t\t\t\t\t<div class=\"dipi-breadcrumbs dipi-bc-left\">\n                <ul itemscope itemtype=\"https:\/\/schema.org\/BreadcrumbList\">\n                    \n                                                        <li itemprop=\"itemListElement\" itemscope itemtype=\"https:\/\/schema.org\/ListItem\" class=\"dipi-breadcrumb-item dipi-breadcrumb-home\">\n\n                                                    <a itemprop=\"item\" href=\"https:\/\/renovation-partner.com\/fr\/\">\n                                <span itemprop=\"name\" content=\"Home\">\n                                                                        Renovation Partner                                <\/span>\n                            <\/a>\n\n                                                <meta itemprop=\"position\" content=\"1\"\/>                    <\/li>\n\n                    <li class=\"dipi-breadcrumb-separator\">\n                    <span class=\"et-pb-icon dipi-separator-icon\">$<\/span>\n                <\/li>                            \n                <\/ul>\n            <\/div>\n\t\t\t\t<\/div>\n\t\t\t<\/div>ACTUALIT\u00c9S SUR LES TRAVAUX DE R\u00c9NOVATION ET DE CONSTRUCTION EN FRANCELes travaux de r\u00e9novation et de construction en France sont des op\u00e9rations complexes pour les particuliers. Vous trouverez ici toutes les actualit\u00e9s pour vous informer sur la r\u00e9glementation et les travaux en France. Bient\u00f4t disponible [&hellip;]<\/p>\n","protected":false},"author":1,"featured_media":0,"parent":53631,"menu_order":20,"comment_status":"closed","ping_status":"closed","template":"","meta":{"_et_pb_use_builder":"on","_et_pb_old_content":"","_et_gb_content_width":"","content-type":""},"dipi_cpt_category":[],"acf":[],"yoast_head":"<!-- This site is optimized with the Yoast SEO plugin v21.1 - https:\/\/yoast.com\/wordpress\/plugins\/seo\/ -->\n<title>Derni\u00e8res Actualit\u00e9s : Travaux &amp; R\u00e9novation de biens immobilier en France - Renovation Partner<\/title>\n<meta name=\"description\" content=\"Actualit\u00e9s sur la r\u00e8glementation en France pour les travaux de r\u00e9novation de votre bien immobilier.\" \/>\n<meta name=\"robots\" content=\"index, follow, max-snippet:-1, max-image-preview:large, max-video-preview:-1\" \/>\n<link rel=\"canonical\" href=\"https:\/\/renovation-partner.com\/fr\/bibliotheque\/actualites\/\" \/>\n<meta property=\"og:locale\" content=\"fr_FR\" \/>\n<meta property=\"og:type\" content=\"article\" \/>\n<meta property=\"og:title\" content=\"Derni\u00e8res Actualit\u00e9s : Travaux &amp; R\u00e9novation de biens immobilier en France - Renovation Partner\" \/>\n<meta property=\"og:description\" content=\"Actualit\u00e9s sur la r\u00e8glementation en France pour les travaux de r\u00e9novation de votre bien immobilier.\" \/>\n<meta property=\"og:url\" content=\"https:\/\/renovation-partner.com\/fr\/bibliotheque\/actualites\/\" \/>\n<meta property=\"og:site_name\" content=\"Renovation Partner\" \/>\n<meta property=\"article:modified_time\" content=\"2022-11-18T10:00:40+00:00\" \/>\n<meta property=\"og:image\" content=\"https:\/\/renovation-partner.com\/wp-content\/uploads\/2022\/10\/accueil.jpg\" \/>\n\t<meta property=\"og:image:width\" content=\"1920\" \/>\n\t<meta property=\"og:image:height\" content=\"1056\" \/>\n\t<meta property=\"og:image:type\" content=\"image\/jpeg\" \/>\n<meta name=\"twitter:card\" content=\"summary_large_image\" \/>\n<meta name=\"twitter:title\" content=\"Derni\u00e8res Actualit\u00e9s : Travaux &amp; R\u00e9novation de biens immobilier en France - Renovation Partner\" \/>\n<meta name=\"twitter:description\" content=\"Actualit\u00e9s sur la r\u00e8glementation en France pour les travaux de r\u00e9novation de votre bien immobilier.\" \/>\n<meta name=\"twitter:image\" content=\"https:\/\/renovation-partner.com\/wp-content\/uploads\/2022\/10\/accueil.jpg\" \/>\n<!-- \/ Yoast SEO plugin. -->","yoast_head_json":{"title":"Derni\u00e8res Actualit\u00e9s : Travaux & R\u00e9novation de biens immobilier en France - Renovation Partner","description":"Actualit\u00e9s sur la r\u00e8glementation en France pour les travaux de r\u00e9novation de votre bien immobilier.","robots":{"index":"index","follow":"follow","max-snippet":"max-snippet:-1","max-image-preview":"max-image-preview:large","max-video-preview":"max-video-preview:-1"},"canonical":"https:\/\/renovation-partner.com\/fr\/bibliotheque\/actualites\/","og_locale":"fr_FR","og_type":"article","og_title":"Derni\u00e8res Actualit\u00e9s : Travaux & R\u00e9novation de biens immobilier en France - Renovation Partner","og_description":"Actualit\u00e9s sur la r\u00e8glementation en France pour les travaux de r\u00e9novation de votre bien immobilier.","og_url":"https:\/\/renovation-partner.com\/fr\/bibliotheque\/actualites\/","og_site_name":"Renovation Partner","article_modified_time":"2022-11-18T10:00:40+00:00","og_image":[{"width":1920,"height":1056,"url":"https:\/\/renovation-partner.com\/wp-content\/uploads\/2022\/10\/accueil.jpg","type":"image\/jpeg"}],"twitter_card":"summary_large_image","twitter_title":"Derni\u00e8res Actualit\u00e9s : Travaux & R\u00e9novation de biens immobilier en France - Renovation Partner","twitter_description":"Actualit\u00e9s sur la r\u00e8glementation en France pour les travaux de r\u00e9novation de votre bien immobilier.","twitter_image":"https:\/\/renovation-partner.com\/wp-content\/uploads\/2022\/10\/accueil.jpg","schema":{"@context":"https:\/\/schema.org","@graph":[{"@type":"WebPage","@id":"https:\/\/renovation-partner.com\/fr\/bibliotheque\/actualites\/","url":"https:\/\/renovation-partner.com\/fr\/bibliotheque\/actualites\/","name":"Derni\u00e8res Actualit\u00e9s : Travaux & R\u00e9novation de biens immobilier en France - Renovation Partner","isPartOf":{"@id":"https:\/\/renovation-partner.com\/fr\/#website"},"datePublished":"2022-03-31T11:12:35+00:00","dateModified":"2022-11-18T10:00:40+00:00","description":"Actualit\u00e9s sur la r\u00e8glementation en France pour les travaux de r\u00e9novation de votre bien immobilier.","breadcrumb":{"@id":"https:\/\/renovation-partner.com\/fr\/bibliotheque\/actualites\/#breadcrumb"},"inLanguage":"fr-FR","potentialAction":[{"@type":"ReadAction","target":["https:\/\/renovation-partner.com\/fr\/bibliotheque\/actualites\/"]}]},{"@type":"BreadcrumbList","@id":"https:\/\/renovation-partner.com\/fr\/bibliotheque\/actualites\/#breadcrumb","itemListElement":[{"@type":"ListItem","position":1,"name":"Accueil","item":"https:\/\/renovation-partner.com\/fr\/"},{"@type":"ListItem","position":2,"name":"Biblioth\u00e8que","item":"https:\/\/renovation-partner.com\/fr\/bibliotheque\/"},{"@type":"ListItem","position":3,"name":"Actualit\u00e9s"}]},{"@type":"WebSite","@id":"https:\/\/renovation-partner.com\/fr\/#website","url":"https:\/\/renovation-partner.com\/fr\/","name":"Renovation Partner","description":"Renovation Partner","publisher":{"@id":"https:\/\/renovation-partner.com\/fr\/#organization"},"potentialAction":[{"@type":"SearchAction","target":{"@type":"EntryPoint","urlTemplate":"https:\/\/renovation-partner.com\/fr\/?s={search_term_string}"},"query-input":"required name=search_term_string"}],"inLanguage":"fr-FR"},{"@type":"Organization","@id":"https:\/\/renovation-partner.com\/fr\/#organization","name":"Success In Franchising","url":"https:\/\/renovation-partner.com\/fr\/","logo":{"@type":"ImageObject","inLanguage":"fr-FR","@id":"https:\/\/renovation-partner.com\/fr\/#\/schema\/logo\/image\/","url":"https:\/\/renovation-partner.com\/wp-content\/uploads\/2022\/06\/sif-partage.jpg","contentUrl":"https:\/\/renovation-partner.com\/wp-content\/uploads\/2022\/06\/sif-partage.jpg","width":1200,"height":630,"caption":"Success In Franchising"},"image":{"@id":"https:\/\/renovation-partner.com\/fr\/#\/schema\/logo\/image\/"}}]}},"_links":{"self":[{"href":"https:\/\/renovation-partner.com\/fr\/wp-json\/wp\/v2\/pages\/53637"}],"collection":[{"href":"https:\/\/renovation-partner.com\/fr\/wp-json\/wp\/v2\/pages"}],"about":[{"href":"https:\/\/renovation-partner.com\/fr\/wp-json\/wp\/v2\/types\/page"}],"author":[{"embeddable":true,"href":"https:\/\/renovation-partner.com\/fr\/wp-json\/wp\/v2\/users\/1"}],"replies":[{"embeddable":true,"href":"https:\/\/renovation-partner.com\/fr\/wp-json\/wp\/v2\/comments?post=53637"}],"version-history":[{"count":15,"href":"https:\/\/renovation-partner.com\/fr\/wp-json\/wp\/v2\/pages\/53637\/revisions"}],"predecessor-version":[{"id":54537,"href":"https:\/\/renovation-partner.com\/fr\/wp-json\/wp\/v2\/pages\/53637\/revisions\/54537"}],"up":[{"embeddable":true,"href":"https:\/\/renovation-partner.com\/fr\/wp-json\/wp\/v2\/pages\/53631"}],"wp:attachment":[{"href":"https:\/\/renovation-partner.com\/fr\/wp-json\/wp\/v2\/media?parent=53637"}],"wp:term":[{"taxonomy":"dipi_cpt_category","embeddable":true,"href":"https:\/\/renovation-partner.com\/fr\/wp-json\/wp\/v2\/dipi_cpt_category?post=53637"}],"curies":[{"name":"wp","href":"https:\/\/api.w.org\/{rel}","templated":true}]}}