{"id":53785,"date":"2021-02-27T16:42:47","date_gmt":"2021-02-27T15:42:47","guid":{"rendered":"https:\/\/renovation-partner.com\/mentions-legales\/"},"modified":"2022-11-18T11:05:49","modified_gmt":"2022-11-18T10:05:49","slug":"mentions-legales","status":"publish","type":"page","link":"https:\/\/renovation-partner.com\/fr\/mentions-legales\/","title":{"rendered":"Mentions l\u00e9gales"},"content":{"rendered":"<p>[et_pb_section fb_built=\u00a0\u00bb1&Prime; _builder_version=\u00a0\u00bb4.16&Prime; _module_preset=\u00a0\u00bbdefault\u00a0\u00bb global_colors_info=\u00a0\u00bb{}\u00a0\u00bb][et_pb_row _builder_version=\u00a0\u00bb4.16&Prime; _module_preset=\u00a0\u00bbdefault\u00a0\u00bb global_colors_info=\u00a0\u00bb{}\u00a0\u00bb][et_pb_column type=\u00a0\u00bb4_4&Prime; _builder_version=\u00a0\u00bb4.16&Prime; _module_preset=\u00a0\u00bbdefault\u00a0\u00bb global_colors_info=\u00a0\u00bb{}\u00a0\u00bb][et_pb_text _builder_version=\u00a0\u00bb4.18.0&Prime; _module_preset=\u00a0\u00bbdefault\u00a0\u00bb hover_enabled=\u00a0\u00bb0&Prime; global_colors_info=\u00a0\u00bb{}\u00a0\u00bb sticky_enabled=\u00a0\u00bb0&Prime;]<\/p>\n<h1>Mentions l\u00e9gales<\/h1>\n<p>&nbsp;<\/p>\n<h2>G\u00e9n\u00e9ral<\/h2>\n<p><span style=\"font-weight: 400;\">Renovationpartner.com est un service d&rsquo;assistance aux clients pour la r\u00e9novation de leurs propri\u00e9t\u00e9s.<\/span><br \/><span style=\"font-weight: 400;\">Il est \u00e9dit\u00e9 par DIGINVEST, soci\u00e9t\u00e9 au capital de 1000 \u20ac en cours d&rsquo;immatriculation dont le si\u00e8ge social est situ\u00e9 \u00e0 :<br \/><\/span><br \/><span style=\"font-weight: 400;\">51 Rue Amp\u00e8re, 75017 PARIS<\/span><br \/><span style=\"font-weight: 400;\">Num\u00e9ro de t\u00e9l\u00e9phone : <\/span><br \/><span style=\"font-weight: 400;\">Site Internet : <a href=\"https:\/\/renovation-partner.com\/fr\/\" target=\"_blank\" rel=\"noopener\" title=\"Renovation Partner\">https:\/\/renovation-partner.com<\/a><\/span><br \/><span style=\"font-weight: 400;\">Adresse \u00e9lectronique : <a href=\"mailto:contact@renovation-partner.com\" target=\"_blank\" rel=\"noopener\" title=\"Renovation Partner\">contact@renovation-partner.com<\/a><\/span><br \/><span style=\"font-weight: 400;\"> Num\u00e9ro de TVA intracommunautaire : <\/span><br \/><span style=\"font-weight: 400;\">Le directeur de la publication est Michael TOMSETT-PERROT.<br \/><\/span><\/p>\n<p><span style=\"font-weight: 400;\"><\/span><\/p>\n<h2>H\u00e9bergement<\/h2>\n<p><span style=\"font-weight: 400;\">Renovationpartner.com est h\u00e9berg\u00e9 par :<\/span><br \/><span style=\"font-weight: 400;\">OVH<\/span><br \/><span style=\"font-weight: 400;\">2 rue Kellermann, 59100 Roubaix<\/span><br \/><span style=\"font-weight: 400;\">SAS au capital de 10 000 000 \u20ac.<\/span><br \/><span style=\"font-weight: 400;\">RCS Roubaix &#8211; Tourcoing 424 761 419<\/span><br \/><span style=\"font-weight: 400;\">Num\u00e9ro de t\u00e9l\u00e9phone : <\/span><\/p>\n<p><span style=\"font-weight: 400;\"><\/span><\/p>\n<h2>Propri\u00e9t\u00e9 intellectuelle<\/h2>\n<p><span style=\"font-weight: 400;\">L&rsquo;utilisateur de Renovation Partner se voit conc\u00e9der un droit d&rsquo;usage priv\u00e9 et non exclusif du site et de l&rsquo;application Renovation Partner. L&rsquo;ensemble des \u00e9l\u00e9ments \u00e9dit\u00e9s sur Renovation Partner tels que les textes, photographies, logos, sons, charte graphique, mise en page, informations, design, graphisme, pr\u00e9sentation et contenu de Renovation Partner, ainsi que les marques, d\u00e9nominations sociales, noms commerciaux, enseignes, noms de domaine, sans que cette liste soit exhaustive, constituent des \u0153uvres au sens du code de la propri\u00e9t\u00e9 intellectuelle fran\u00e7ais. La soci\u00e9t\u00e9 est le propri\u00e9taire et\/ou l&rsquo;exploitant exclusif de ces \u0153uvres. En cons\u00e9quence, toute repr\u00e9sentation ou reproduction, totale ou partielle, de R\u00e9novation Partner ou des \u00e9l\u00e9ments composant le site internet ou l&rsquo;application mobile, tels que marques, d\u00e9nominations sociales, noms commerciaux, enseignes, noms de domaine, logos, charte graphique, mise en page, informations, textes, sons, design, graphisme, pr\u00e9sentation et contenu de R\u00e9novation Partner, sans que cette liste soit exhaustive, qui pourrait \u00eatre effectu\u00e9e sans le consentement expr\u00e8s de la Soci\u00e9t\u00e9 ou de ses ayants droit, est interdite et expose les Utilisateurs de R\u00e9novation Partner concern\u00e9s \u00e0 des poursuites judiciaires. L&rsquo;inscription sur Renovation Partner n&rsquo;implique aucun transfert de droits de propri\u00e9t\u00e9 intellectuelle au profit de l&rsquo;utilisateur de Renovation Partner.<\/span><\/p>\n<p><span style=\"font-weight: 400;\"><\/span><\/p>\n<h2>Connexion<\/h2>\n<p><span style=\"font-weight: 400;\">La Soci\u00e9t\u00e9 d\u00e9clare qu&rsquo;elle mettra tout en \u0153uvre pour assurer aux Utilisateurs de Renovation Partner un acc\u00e8s optimal \u00e0 Renovation Partner, sauf en cas de force majeure, d&rsquo;\u00e9v\u00e9nements ind\u00e9pendants de sa volont\u00e9 et sous r\u00e9serve des p\u00e9riodes de maintenance et des pannes \u00e9ventuelles. La Soci\u00e9t\u00e9 ne peut \u00eatre tenue responsable des probl\u00e8mes de connexion propres \u00e0 l&rsquo;\u00e9quipement des Utilisateurs Partenaires de la R\u00e9novation ou li\u00e9s \u00e0 une d\u00e9faillance du fournisseur d&rsquo;acc\u00e8s Internet utilis\u00e9. Les Utilisateurs de Renovation Partner doivent s&rsquo;assurer que les appareils qu&rsquo;ils utilisent pour acc\u00e9der \u00e0 Renovation Partner sont en bon \u00e9tat de fonctionnement et ne contiennent aucun virus. Les utilisateurs de Renovation Partner utilisent les contenus publi\u00e9s sur Renovation Partner sous leur seule responsabilit\u00e9, les informations sur Renovation Partner \u00e9tant fournies \u00e0 titre indicatif.<\/span><\/p>\n<p><span style=\"font-weight: 400;\"><\/span><\/p>\n<h2>Sites tiers \/ Liens hypertextes<\/h2>\n<h2><\/h2>\n<p><span style=\"font-weight: 400;\">Les pages de Renovation Partner peuvent contenir des hyperliens vers des sites web de tiers, g\u00e9r\u00e9s par des soci\u00e9t\u00e9s autres que la Soci\u00e9t\u00e9, sur lesquels la Soci\u00e9t\u00e9 n&rsquo;a aucun contr\u00f4le.<\/span><\/p>\n<p>Par cons\u00e9quent, la Soci\u00e9t\u00e9 n&rsquo;est pas responsable du contenu de ces sites tiers, de l&rsquo;usage qui peut en \u00eatre fait et du contenu auquel ces sites tiers peuvent renvoyer. Si un Utilisateur de Renovation Partner souhaite introduire sur Renovation Partner un lien hypertexte vers un site tiers, autre que le site de l&rsquo;un des avocats membres de Renovation Partner, il doit pr\u00e9alablement demander l&rsquo;autorisation \u00e0 la Soci\u00e9t\u00e9. De m\u00eame, les hyperliens de tiers vers le Partenaire R\u00e9novation doivent \u00eatre supprim\u00e9s sur demande du Partenaire R\u00e9novation.<\/p>\n<p><span style=\"font-weight: 400;\"><\/span><\/p>\n<h2>Modifications<\/h2>\n<p><span style=\"font-weight: 400;\">La Soci\u00e9t\u00e9 se r\u00e9serve le droit de modifier ou de compl\u00e9ter la pr\u00e9sente notice l\u00e9gale \u00e0 tout moment et sans pr\u00e9avis. Les utilisateurs de Renovation Partner sont tenus de consulter r\u00e9guli\u00e8rement la pr\u00e9sente notice l\u00e9gale.<\/span><\/p>\n<p><span style=\"font-weight: 400;\"><\/span><\/p>\n<h2>CNIL<\/h2>\n<p><span style=\"font-weight: 400;\">Conform\u00e9ment aux dispositions de la loi n\u00b078-17 du 6 janvier 1978 relative \u00e0 l&rsquo;informatique, aux fichiers et aux libert\u00e9s, vous conservez la possibilit\u00e9 d&rsquo;acc\u00e9der \u00e0 ces informations et de les rectifier si vous l&rsquo;estimez n\u00e9cessaire. <\/span><\/p>\n<p>[\/et_pb_text][\/et_pb_column][\/et_pb_row][\/et_pb_section]<\/p>\n<span class=\"et_bloom_bottom_trigger\"><\/span>","protected":false},"excerpt":{"rendered":"<p>Mentions l\u00e9gales &nbsp; G\u00e9n\u00e9ral Renovationpartner.com est un service d&rsquo;assistance aux clients pour la r\u00e9novation de leurs propri\u00e9t\u00e9s.Il est \u00e9dit\u00e9 par DIGINVEST, soci\u00e9t\u00e9 au capital de 1000 \u20ac en cours d&rsquo;immatriculation dont le si\u00e8ge social est situ\u00e9 \u00e0 :51 Rue Amp\u00e8re, 75017 PARISNum\u00e9ro de t\u00e9l\u00e9phone : Site Internet : https:\/\/renovation-partner.comAdresse \u00e9lectronique : contact@renovation-partner.com Num\u00e9ro de TVA [&hellip;]<\/p>\n","protected":false},"author":1,"featured_media":0,"parent":0,"menu_order":32,"comment_status":"closed","ping_status":"closed","template":"","meta":{"_et_pb_use_builder":"on","_et_pb_old_content":"","_et_gb_content_width":"","content-type":""},"dipi_cpt_category":[],"acf":[],"yoast_head":"<!-- This site is optimized with the Yoast SEO plugin v21.1 - https:\/\/yoast.com\/wordpress\/plugins\/seo\/ -->\n<title>Mentions L\u00e9gales - Renovation Partner<\/title>\n<meta name=\"description\" content=\"Mentions L\u00e9gales - Renovation Partner\" \/>\n<meta name=\"robots\" content=\"noindex, nofollow\" \/>\n<meta property=\"og:locale\" content=\"fr_FR\" \/>\n<meta property=\"og:type\" content=\"article\" \/>\n<meta property=\"og:title\" content=\"Mentions L\u00e9gales - Renovation Partner\" \/>\n<meta property=\"og:description\" content=\"Mentions L\u00e9gales - Renovation Partner\" \/>\n<meta property=\"og:url\" content=\"https:\/\/renovation-partner.com\/fr\/mentions-legales\/\" \/>\n<meta property=\"og:site_name\" content=\"Renovation Partner\" \/>\n<meta property=\"article:modified_time\" content=\"2022-11-18T10:05:49+00:00\" \/>\n<meta name=\"twitter:card\" content=\"summary_large_image\" \/>\n<!-- \/ Yoast SEO plugin. -->","yoast_head_json":{"title":"Mentions L\u00e9gales - Renovation Partner","description":"Mentions L\u00e9gales - Renovation Partner","robots":{"index":"noindex","follow":"nofollow"},"og_locale":"fr_FR","og_type":"article","og_title":"Mentions L\u00e9gales - Renovation Partner","og_description":"Mentions L\u00e9gales - Renovation Partner","og_url":"https:\/\/renovation-partner.com\/fr\/mentions-legales\/","og_site_name":"Renovation Partner","article_modified_time":"2022-11-18T10:05:49+00:00","twitter_card":"summary_large_image","schema":{"@context":"https:\/\/schema.org","@graph":[{"@type":"WebPage","@id":"https:\/\/renovation-partner.com\/fr\/mentions-legales\/","url":"https:\/\/renovation-partner.com\/fr\/mentions-legales\/","name":"Mentions L\u00e9gales - Renovation Partner","isPartOf":{"@id":"https:\/\/renovation-partner.com\/fr\/#website"},"datePublished":"2021-02-27T15:42:47+00:00","dateModified":"2022-11-18T10:05:49+00:00","description":"Mentions L\u00e9gales - Renovation Partner","breadcrumb":{"@id":"https:\/\/renovation-partner.com\/fr\/mentions-legales\/#breadcrumb"},"inLanguage":"fr-FR","potentialAction":[{"@type":"ReadAction","target":["https:\/\/renovation-partner.com\/fr\/mentions-legales\/"]}]},{"@type":"BreadcrumbList","@id":"https:\/\/renovation-partner.com\/fr\/mentions-legales\/#breadcrumb","itemListElement":[{"@type":"ListItem","position":1,"name":"Accueil","item":"https:\/\/renovation-partner.com\/fr\/"},{"@type":"ListItem","position":2,"name":"Mentions l\u00e9gales"}]},{"@type":"WebSite","@id":"https:\/\/renovation-partner.com\/fr\/#website","url":"https:\/\/renovation-partner.com\/fr\/","name":"Renovation Partner","description":"Renovation Partner","publisher":{"@id":"https:\/\/renovation-partner.com\/fr\/#organization"},"potentialAction":[{"@type":"SearchAction","target":{"@type":"EntryPoint","urlTemplate":"https:\/\/renovation-partner.com\/fr\/?s={search_term_string}"},"query-input":"required name=search_term_string"}],"inLanguage":"fr-FR"},{"@type":"Organization","@id":"https:\/\/renovation-partner.com\/fr\/#organization","name":"Success In Franchising","url":"https:\/\/renovation-partner.com\/fr\/","logo":{"@type":"ImageObject","inLanguage":"fr-FR","@id":"https:\/\/renovation-partner.com\/fr\/#\/schema\/logo\/image\/","url":"https:\/\/renovation-partner.com\/wp-content\/uploads\/2022\/06\/sif-partage.jpg","contentUrl":"https:\/\/renovation-partner.com\/wp-content\/uploads\/2022\/06\/sif-partage.jpg","width":1200,"height":630,"caption":"Success In Franchising"},"image":{"@id":"https:\/\/renovation-partner.com\/fr\/#\/schema\/logo\/image\/"}}]}},"_links":{"self":[{"href":"https:\/\/renovation-partner.com\/fr\/wp-json\/wp\/v2\/pages\/53785"}],"collection":[{"href":"https:\/\/renovation-partner.com\/fr\/wp-json\/wp\/v2\/pages"}],"about":[{"href":"https:\/\/renovation-partner.com\/fr\/wp-json\/wp\/v2\/types\/page"}],"author":[{"embeddable":true,"href":"https:\/\/renovation-partner.com\/fr\/wp-json\/wp\/v2\/users\/1"}],"replies":[{"embeddable":true,"href":"https:\/\/renovation-partner.com\/fr\/wp-json\/wp\/v2\/comments?post=53785"}],"version-history":[{"count":4,"href":"https:\/\/renovation-partner.com\/fr\/wp-json\/wp\/v2\/pages\/53785\/revisions"}],"predecessor-version":[{"id":54548,"href":"https:\/\/renovation-partner.com\/fr\/wp-json\/wp\/v2\/pages\/53785\/revisions\/54548"}],"wp:attachment":[{"href":"https:\/\/renovation-partner.com\/fr\/wp-json\/wp\/v2\/media?parent=53785"}],"wp:term":[{"taxonomy":"dipi_cpt_category","embeddable":true,"href":"https:\/\/renovation-partner.com\/fr\/wp-json\/wp\/v2\/dipi_cpt_category?post=53785"}],"curies":[{"name":"wp","href":"https:\/\/api.w.org\/{rel}","templated":true}]}}