{"id":53788,"date":"2022-06-15T11:29:18","date_gmt":"2022-06-15T09:29:18","guid":{"rendered":"https:\/\/renovation-partner.com\/prix-des-services\/"},"modified":"2022-11-18T10:25:48","modified_gmt":"2022-11-18T09:25:48","slug":"prix-des-services","status":"publish","type":"page","link":"https:\/\/renovation-partner.com\/fr\/prix-des-services\/","title":{"rendered":"Prix des services"},"content":{"rendered":"<p>[et_pb_section fb_built=\u00a0\u00bb1&Prime; _builder_version=\u00a0\u00bb4.17.4&Prime; _module_preset=\u00a0\u00bbdefault\u00a0\u00bb global_colors_info=\u00a0\u00bb{}\u00a0\u00bb][et_pb_row _builder_version=\u00a0\u00bb4.17.4&Prime; _module_preset=\u00a0\u00bbdefault\u00a0\u00bb global_colors_info=\u00a0\u00bb{}\u00a0\u00bb][et_pb_column type=\u00a0\u00bb4_4&Prime; _builder_version=\u00a0\u00bb4.17.4&Prime; _module_preset=\u00a0\u00bbdefault\u00a0\u00bb global_colors_info=\u00a0\u00bb{}\u00a0\u00bb][et_pb_text _builder_version=\u00a0\u00bb4.18.0&Prime; _module_preset=\u00a0\u00bbdefault\u00a0\u00bb global_colors_info=\u00a0\u00bb{}\u00a0\u00bb]<\/p>\n<h1>Prix des services <\/h1>\n<p>[\/et_pb_text][\/et_pb_column][\/et_pb_row][et_pb_row column_structure=\u00a0\u00bb1_3,1_3,1_3&Prime; _builder_version=\u00a0\u00bb4.17.4&Prime; _module_preset=\u00a0\u00bbdefault\u00a0\u00bb global_colors_info=\u00a0\u00bb{}\u00a0\u00bb][et_pb_column type=\u00a0\u00bb1_3&Prime; _builder_version=\u00a0\u00bb4.17.4&Prime; _module_preset=\u00a0\u00bbdefault\u00a0\u00bb global_colors_info=\u00a0\u00bb{}\u00a0\u00bb][et_pb_text _builder_version=\u00a0\u00bb4.18.0&Prime; _module_preset=\u00a0\u00bbdefault\u00a0\u00bb global_colors_info=\u00a0\u00bb{}\u00a0\u00bb]<\/p>\n<h3>Les services li\u00e9s \u00e0 l&rsquo;ach\u00e8vement des travaux de r\u00e9novation<\/h3>\n<p>[\/et_pb_text][et_pb_text _builder_version=\u00a0\u00bb4.18.0&Prime; _module_preset=\u00a0\u00bbdefault\u00a0\u00bb min_height=\u00a0\u00bb22.8px\u00a0\u00bb hover_enabled=\u00a0\u00bb0&Prime; global_colors_info=\u00a0\u00bb{}\u00a0\u00bb sticky_enabled=\u00a0\u00bb0&Prime;]<\/p>\n<p>\u00c9chelle de travail :<\/p>\n<ul>\n<li>\u00c9chelle en pourcentage adapt\u00e9e \u00e0 chaque r\u00e9novation<\/li>\n<\/ul>\n<p>[\/et_pb_text][\/et_pb_column][et_pb_column type=\u00a0\u00bb1_3&Prime; _builder_version=\u00a0\u00bb4.17.4&Prime; _module_preset=\u00a0\u00bbdefault\u00a0\u00bb global_colors_info=\u00a0\u00bb{}\u00a0\u00bb][et_pb_text _builder_version=\u00a0\u00bb4.18.0&Prime; _module_preset=\u00a0\u00bbdefault\u00a0\u00bb global_colors_info=\u00a0\u00bb{}\u00a0\u00bb]<\/p>\n<h2>Les services li\u00e9s \u00e0 la gestion immobili\u00e8re<\/h2>\n<p>[\/et_pb_text][et_pb_text _builder_version=\u00a0\u00bb4.18.0&Prime; _module_preset=\u00a0\u00bbdefault\u00a0\u00bb min_height=\u00a0\u00bb93.6px\u00a0\u00bb global_colors_info=\u00a0\u00bb{}\u00a0\u00bb]<\/p>\n<p>Bar\u00e8me de gestion (disponible en 2023)<\/p>\n<p>[\/et_pb_text][\/et_pb_column][et_pb_column type=\u00a0\u00bb1_3&Prime; _builder_version=\u00a0\u00bb4.17.4&Prime; _module_preset=\u00a0\u00bbdefault\u00a0\u00bb global_colors_info=\u00a0\u00bb{}\u00a0\u00bb][et_pb_text _builder_version=\u00a0\u00bb4.18.0&Prime; _module_preset=\u00a0\u00bbdefault\u00a0\u00bb global_colors_info=\u00a0\u00bb{}\u00a0\u00bb]<\/p>\n<h2>Les services li\u00e9s \u00e0 l&rsquo;achat et \u00e0 la vente de biens immobiliers <\/h2>\n<p>[\/et_pb_text][et_pb_text _builder_version=\u00a0\u00bb4.18.0&Prime; _module_preset=\u00a0\u00bbdefault\u00a0\u00bb min_height=\u00a0\u00bb93.6px\u00a0\u00bb global_colors_info=\u00a0\u00bb{}\u00a0\u00bb]<\/p>\n<p><span style=\"font-weight: 400;\">Balance d&rsquo;achat et de vente<\/span> (disponible en 2023)<\/p>\n<p>[\/et_pb_text][\/et_pb_column][\/et_pb_row][\/et_pb_section]<\/p>\n<span class=\"et_bloom_bottom_trigger\"><\/span>","protected":false},"excerpt":{"rendered":"<p>Prix des services Les services li\u00e9s \u00e0 l&rsquo;ach\u00e8vement des travaux de r\u00e9novation\u00c9chelle de travail : \u00c9chelle en pourcentage adapt\u00e9e \u00e0 chaque r\u00e9novation Les services li\u00e9s \u00e0 la gestion immobili\u00e8reBar\u00e8me de gestion (disponible en 2023)Les services li\u00e9s \u00e0 l&rsquo;achat et \u00e0 la vente de biens immobiliers Balance d&rsquo;achat et de vente (disponible en 2023)<\/p>\n","protected":false},"author":1,"featured_media":0,"parent":0,"menu_order":9,"comment_status":"closed","ping_status":"closed","template":"","meta":{"_et_pb_use_builder":"on","_et_pb_old_content":"","_et_gb_content_width":"","content-type":""},"dipi_cpt_category":[],"acf":[],"yoast_head":"<!-- This site is optimized with the Yoast SEO plugin v21.1 - https:\/\/yoast.com\/wordpress\/plugins\/seo\/ -->\n<title>Prix des services - R\u00e9novation Partner<\/title>\n<meta name=\"description\" content=\"Prix des services - R\u00e9novation Partner\" \/>\n<meta name=\"robots\" content=\"index, nofollow, max-snippet:-1, max-image-preview:large, max-video-preview:-1\" \/>\n<link rel=\"canonical\" href=\"https:\/\/renovation-partner.com\/fr\/prix-des-services\/\" \/>\n<meta property=\"og:locale\" content=\"fr_FR\" \/>\n<meta property=\"og:type\" content=\"article\" \/>\n<meta property=\"og:title\" content=\"Prix des services - R\u00e9novation Partner\" \/>\n<meta property=\"og:description\" content=\"Prix des services - R\u00e9novation Partner\" \/>\n<meta property=\"og:url\" content=\"https:\/\/renovation-partner.com\/fr\/prix-des-services\/\" \/>\n<meta property=\"og:site_name\" content=\"Renovation Partner\" \/>\n<meta property=\"article:modified_time\" content=\"2022-11-18T09:25:48+00:00\" \/>\n<meta property=\"og:image\" content=\"https:\/\/renovation-partner.com\/wp-content\/uploads\/2022\/10\/accueil.jpg\" \/>\n\t<meta property=\"og:image:width\" content=\"1920\" \/>\n\t<meta property=\"og:image:height\" content=\"1056\" \/>\n\t<meta property=\"og:image:type\" content=\"image\/jpeg\" \/>\n<meta name=\"twitter:card\" content=\"summary_large_image\" \/>\n<meta name=\"twitter:title\" content=\"Prix des services - R\u00e9novation Partner\" \/>\n<meta name=\"twitter:description\" content=\"Prix des services - R\u00e9novation Partner\" \/>\n<meta name=\"twitter:image\" content=\"https:\/\/renovation-partner.com\/wp-content\/uploads\/2022\/10\/accueil.jpg\" \/>\n<!-- \/ Yoast SEO plugin. -->","yoast_head_json":{"title":"Prix des services - R\u00e9novation Partner","description":"Prix des services - R\u00e9novation Partner","robots":{"index":"index","follow":"nofollow","max-snippet":"max-snippet:-1","max-image-preview":"max-image-preview:large","max-video-preview":"max-video-preview:-1"},"canonical":"https:\/\/renovation-partner.com\/fr\/prix-des-services\/","og_locale":"fr_FR","og_type":"article","og_title":"Prix des services - R\u00e9novation Partner","og_description":"Prix des services - R\u00e9novation Partner","og_url":"https:\/\/renovation-partner.com\/fr\/prix-des-services\/","og_site_name":"Renovation Partner","article_modified_time":"2022-11-18T09:25:48+00:00","og_image":[{"width":1920,"height":1056,"url":"https:\/\/renovation-partner.com\/wp-content\/uploads\/2022\/10\/accueil.jpg","type":"image\/jpeg"}],"twitter_card":"summary_large_image","twitter_title":"Prix des services - R\u00e9novation Partner","twitter_description":"Prix des services - R\u00e9novation Partner","twitter_image":"https:\/\/renovation-partner.com\/wp-content\/uploads\/2022\/10\/accueil.jpg","schema":{"@context":"https:\/\/schema.org","@graph":[{"@type":"WebPage","@id":"https:\/\/renovation-partner.com\/fr\/prix-des-services\/","url":"https:\/\/renovation-partner.com\/fr\/prix-des-services\/","name":"Prix des services - R\u00e9novation Partner","isPartOf":{"@id":"https:\/\/renovation-partner.com\/fr\/#website"},"datePublished":"2022-06-15T09:29:18+00:00","dateModified":"2022-11-18T09:25:48+00:00","description":"Prix des services - R\u00e9novation Partner","breadcrumb":{"@id":"https:\/\/renovation-partner.com\/fr\/prix-des-services\/#breadcrumb"},"inLanguage":"fr-FR","potentialAction":[{"@type":"ReadAction","target":["https:\/\/renovation-partner.com\/fr\/prix-des-services\/"]}]},{"@type":"BreadcrumbList","@id":"https:\/\/renovation-partner.com\/fr\/prix-des-services\/#breadcrumb","itemListElement":[{"@type":"ListItem","position":1,"name":"Accueil","item":"https:\/\/renovation-partner.com\/fr\/"},{"@type":"ListItem","position":2,"name":"Prix des services"}]},{"@type":"WebSite","@id":"https:\/\/renovation-partner.com\/fr\/#website","url":"https:\/\/renovation-partner.com\/fr\/","name":"Renovation Partner","description":"Renovation Partner","publisher":{"@id":"https:\/\/renovation-partner.com\/fr\/#organization"},"potentialAction":[{"@type":"SearchAction","target":{"@type":"EntryPoint","urlTemplate":"https:\/\/renovation-partner.com\/fr\/?s={search_term_string}"},"query-input":"required name=search_term_string"}],"inLanguage":"fr-FR"},{"@type":"Organization","@id":"https:\/\/renovation-partner.com\/fr\/#organization","name":"Success In Franchising","url":"https:\/\/renovation-partner.com\/fr\/","logo":{"@type":"ImageObject","inLanguage":"fr-FR","@id":"https:\/\/renovation-partner.com\/fr\/#\/schema\/logo\/image\/","url":"https:\/\/renovation-partner.com\/wp-content\/uploads\/2022\/06\/sif-partage.jpg","contentUrl":"https:\/\/renovation-partner.com\/wp-content\/uploads\/2022\/06\/sif-partage.jpg","width":1200,"height":630,"caption":"Success In Franchising"},"image":{"@id":"https:\/\/renovation-partner.com\/fr\/#\/schema\/logo\/image\/"}}]}},"_links":{"self":[{"href":"https:\/\/renovation-partner.com\/fr\/wp-json\/wp\/v2\/pages\/53788"}],"collection":[{"href":"https:\/\/renovation-partner.com\/fr\/wp-json\/wp\/v2\/pages"}],"about":[{"href":"https:\/\/renovation-partner.com\/fr\/wp-json\/wp\/v2\/types\/page"}],"author":[{"embeddable":true,"href":"https:\/\/renovation-partner.com\/fr\/wp-json\/wp\/v2\/users\/1"}],"replies":[{"embeddable":true,"href":"https:\/\/renovation-partner.com\/fr\/wp-json\/wp\/v2\/comments?post=53788"}],"version-history":[{"count":6,"href":"https:\/\/renovation-partner.com\/fr\/wp-json\/wp\/v2\/pages\/53788\/revisions"}],"predecessor-version":[{"id":54522,"href":"https:\/\/renovation-partner.com\/fr\/wp-json\/wp\/v2\/pages\/53788\/revisions\/54522"}],"wp:attachment":[{"href":"https:\/\/renovation-partner.com\/fr\/wp-json\/wp\/v2\/media?parent=53788"}],"wp:term":[{"taxonomy":"dipi_cpt_category","embeddable":true,"href":"https:\/\/renovation-partner.com\/fr\/wp-json\/wp\/v2\/dipi_cpt_category?post=53788"}],"curies":[{"name":"wp","href":"https:\/\/api.w.org\/{rel}","templated":true}]}}