{"id":53793,"date":"2021-02-27T15:37:41","date_gmt":"2021-02-27T14:37:41","guid":{"rendered":"https:\/\/renovation-partner.com\/politique-de-confidentialite\/"},"modified":"2022-11-18T11:08:13","modified_gmt":"2022-11-18T10:08:13","slug":"politique-de-confidentialite","status":"publish","type":"page","link":"https:\/\/renovation-partner.com\/fr\/politique-de-confidentialite\/","title":{"rendered":"Politique de confidentialit\u00e9"},"content":{"rendered":"<p>[et_pb_section fb_built=\u00a0\u00bb1&Prime; admin_label=\u00a0\u00bbsection\u00a0\u00bb _builder_version=\u00a0\u00bb4.16&Prime; global_colors_info=\u00a0\u00bb{}\u00a0\u00bb][et_pb_row admin_label=\u00a0\u00bbrang\u00e9e\u00a0\u00bb _builder_version=\u00a0\u00bb4.16&Prime; background_size=\u00a0\u00bbinitial\u00a0\u00bb background_position=\u00a0\u00bbtop_left\u00a0\u00bb background_repeat=\u00a0\u00bbrepeat\u00a0\u00bb global_colors_info=\u00a0\u00bb{}\u00a0\u00bb][et_pb_column type=\u00a0\u00bb4_4&Prime; _builder_version=\u00a0\u00bb4.16&Prime; custom_padding=\u00a0\u00bb|||\u00a0\u00bb global_colors_info=\u00a0\u00bb{}\u00a0\u00bb custom_padding__hover=\u00a0\u00bb|||\u00a0\u00bb][et_pb_text admin_label=\u00a0\u00bbText\u00a0\u00bb _builder_version=\u00a0\u00bb4.18.0&Prime; background_size=\u00a0\u00bbinitial\u00a0\u00bb background_position=\u00a0\u00bbtop_left\u00a0\u00bb background_repeat=\u00a0\u00bbrepeat\u00a0\u00bb link_option_url=\u00a0\u00bbhttps:\/\/www.demanderjustice.com\/politique-sur-usage-des-cookies\u00a0\u00bb hover_enabled=\u00a0\u00bb0&Prime; global_colors_info=\u00a0\u00bb{}\u00a0\u00bb sticky_enabled=\u00a0\u00bb0&Prime;]<\/p>\n<h1><b>Politique de confidentialit\u00e9 et de protection des donn\u00e9es<\/b><\/h1>\n<p><span style=\"font-weight: 400;\">Le site renovation-partner.com est \u00e9dit\u00e9 par la soci\u00e9t\u00e9 RENOVATION PARTNER, soci\u00e9t\u00e9 en cours d&rsquo;immatriculation et dont le si\u00e8ge social est situ\u00e9 au 51 rue Amp\u00e8re &#8211; 75017 Paris. RENOVATION PARTNER est soucieux de la protection des donn\u00e9es personnelles. La pr\u00e9sente politique de protection des donn\u00e9es personnelles (ci-apr\u00e8s la \u00a0\u00bb Politique \u00ab\u00a0) d\u00e9crit les engagements mis en \u0153uvre par RENOVATION PARTNER, en tant que responsable du traitement, pour assurer le respect de vos donn\u00e9es personnelles. Par la pr\u00e9sente Politique, Renovation Partner souhaite \u00e9galement vous informer clairement de la mani\u00e8re dont vos donn\u00e9es personnelles sont collect\u00e9es et utilis\u00e9es lorsque, en tant qu&rsquo;Utilisateur, vous vous inscrivez sur notre Site pour b\u00e9n\u00e9ficier des Services d\u00e9crits dans les Conditions G\u00e9n\u00e9rales de Services de Renovation Partner (les \u00a0\u00bb CGS \u00ab\u00a0), dont la Politique fait partie int\u00e9grante. Les termes en majuscules renvoient \u00e0 leur d\u00e9finition dans les CGU.<\/span><\/p>\n<p><span style=\"font-weight: 400;\">Renovation Partner peut apporter des modifications \u00e0 cette politique, notamment en raison de changements dans la l\u00e9gislation relative en vigueur ou d&rsquo;un changement dans la structure de l&rsquo;entreprise. En g\u00e9n\u00e9ral, la politique de confidentialit\u00e9 est toujours facilement accessible sur le site.<br \/>\n<\/span><\/p>\n<h4><b>Quelles sont les donn\u00e9es trait\u00e9es ? <\/b><\/h4>\n<p><span style=\"font-weight: 400;\">Renovation Partner veille \u00e0 ne collecter que les donn\u00e9es strictement n\u00e9cessaires aux fins pour lesquelles elles sont trait\u00e9es. Le traitement des donn\u00e9es collect\u00e9es permet \u00e0 l&rsquo;outil de g\u00e9n\u00e9rer des documents permettant le lancement de concepts de franchise.<\/span><\/p>\n<p><span style=\"font-weight: 400;\">Lors de la collecte de vos donn\u00e9es par le biais d&rsquo;un questionnaire, le caract\u00e8re obligatoire de la communication des informations est indiqu\u00e9 par la pr\u00e9sence d&rsquo;un ast\u00e9risque ou de toute autre proc\u00e9dure \u00e9quivalente. Si vous ne fournissez pas ces informations, Renovation Partner sera dans l&rsquo;impossibilit\u00e9 de traiter votre demande. Nous ne collectons pas toutes ces donn\u00e9es pour chacune de nos offres, certaines des donn\u00e9es collect\u00e9es sont sp\u00e9cifiques \u00e0 certains litiges.<\/span><\/p>\n<p><span style=\"font-weight: 400;\">Les informations qui peuvent \u00eatre collect\u00e9es sont les suivantes : <\/span><\/p>\n<ol>\n<li style=\"font-weight: 400;\" aria-level=\"1\"><span style=\"font-weight: 400;\">votre identit\u00e9 (nom, pr\u00e9nom, nom de jeune fille, lieu de r\u00e9sidence, nationalit\u00e9, profession, adresse \u00e9lectronique, num\u00e9ro de t\u00e9l\u00e9phone, date de naissance, civilit\u00e9, lieu de naissance,<br \/>\n<\/span><\/li>\n<li style=\"font-weight: 400;\" aria-level=\"1\"><span style=\"font-weight: 400;\">des informations pertinentes sur votre activit\u00e9 existante.<br \/>\n<\/span><\/li>\n<\/ol>\n<p><span style=\"font-weight: 400;\">D&rsquo;autres donn\u00e9es peuvent \u00eatre contenues dans les pi\u00e8ces justificatives du dossier. <\/span><\/p>\n<p><span style=\"font-weight: 400;\">Afin de respecter le principe de minimisation des donn\u00e9es (article 5.1.c. du R\u00e8glement g\u00e9n\u00e9ral sur la protection des donn\u00e9es), Renovation Partner rappelle qu&rsquo;il est important de communiquer, via les champs de texte libre, uniquement les donn\u00e9es strictement n\u00e9cessaires \u00e0 la g\u00e9n\u00e9ration des documents. En particulier, l&rsquo;Utilisateur doit s&rsquo;abstenir de communiquer des donn\u00e9es qualifi\u00e9es de \u00a0\u00bb sensibles \u00ab\u00a0, ou qui ne r\u00e9pondent pas \u00e0 la finalit\u00e9. <\/span><\/p>\n<p><span style=\"font-weight: 400;\">\u00c0 des fins de s\u00e9curit\u00e9 et pour limiter le nombre d&rsquo;inscriptions quotidiennes d&rsquo;un m\u00eame utilisateur, l&rsquo;adresse IP des utilisateurs est \u00e9galement enregistr\u00e9e. Ces donn\u00e9es ne sont jamais utilis\u00e9es pour l&rsquo;identification ou le profilage de l&rsquo;utilisateur, mais uniquement pour la protection du site et de ses utilisateurs.<br \/>\nEn fournissant \u00e0 Renovation Partner ces informations et donn\u00e9es personnelles, vous acceptez express\u00e9ment que ces donn\u00e9es personnelles soient collect\u00e9es, enregistr\u00e9es, utilis\u00e9es et fassent l&rsquo;objet d&rsquo;un traitement informatique, dans les conditions d\u00e9finies ci-dessous. Le traitement est soumis au r\u00e8glement europ\u00e9en 2016\/679 du Parlement europ\u00e9en et du Conseil du 27 avril 2016 relatif \u00e0 la protection des personnes physiques \u00e0 l&rsquo;\u00e9gard du traitement des donn\u00e9es \u00e0 caract\u00e8re personnel et \u00e0 la libre circulation de ces donn\u00e9es (ci-apr\u00e8s le \u00a0\u00bb RGPD \u00ab\u00a0), ainsi qu&rsquo;\u00e0 la loi \u00a0\u00bb pour la confiance dans l&rsquo;\u00e9conomie num\u00e9rique \u00a0\u00bb n\u00b0 2004-575 du 21 juin 2004 (article L.34-5 du code des postes et des communications \u00e9lectroniques).<br \/>\n<\/span><\/p>\n<h4><b>\u00c0 quelles fins les donn\u00e9es personnelles sont-elles trait\u00e9es ?<br \/>\n<\/b><\/h4>\n<p><span style=\"font-weight: 400;\">Renovation Partner traite les donn\u00e9es personnelles pour une finalit\u00e9 explicite, l\u00e9gitime et sp\u00e9cifique, qui repose sur l&rsquo;ex\u00e9cution du contrat, le respect d&rsquo;une obligation l\u00e9gale ou r\u00e9glementaire ou votre consentement.<br \/>\n<\/span><\/p>\n<p><span style=\"font-weight: 400;\">La saisie de ces Donn\u00e9es est obligatoire et fait l&rsquo;objet d&rsquo;un traitement automatis\u00e9 aux fins d&rsquo;acc\u00e8s aux Services, de gestion et d&rsquo;administration des comptes des Utilisateurs inscrits sur le Site.<br \/>\n<\/span><\/p>\n<p><span style=\"font-weight: 400;\">La communication et le traitement des donn\u00e9es demand\u00e9es par RENOVATION PARTNER sont indispensables \u00e0 la fourniture des services de RENOVATION PARTNER et\/ou au respect des obligations l\u00e9gales et r\u00e9glementaires auxquelles RENOVATION PARTNER est soumise. En dehors de ces cas, Renovation Partner ne collecte aucune donn\u00e9e sans votre consentement pr\u00e9alable.<br \/>\nRenovation Partner collecte et utilise vos donn\u00e9es personnelles dans le cadre de votre acc\u00e8s au Site et dans le but de fournir les Services d\u00e9crits dans les Conditions G\u00e9n\u00e9rales de Services et plus particuli\u00e8rement :<\/span><\/p>\n<ul>\n<li>g\u00e9n\u00e9rer des documents op\u00e9rationnels en combinant outils technologiques et conseils personnalis\u00e9s ;<\/li>\n<li>produire des documents juridiques en combinant outils technologiques et conseils personnalis\u00e9s ;<\/li>\n<li>assurer la qualit\u00e9 et la s\u00e9curit\u00e9 des services ;<\/li>\n<\/ul>\n<h4><b>Qui sont les destinataires des informations que nous recueillons ?<\/b><\/h4>\n<p><span style=\"font-weight: 400;\">Renovation Partner peut communiquer vos donn\u00e9es personnelles \u00e0 ses prestataires techniques et partenaires, dont l&rsquo;intervention est strictement n\u00e9cessaire pour atteindre l&rsquo;une des finalit\u00e9s mentionn\u00e9es ci-dessus. Renovation Partner s&rsquo;assure que ces tiers traitent vos donn\u00e9es de mani\u00e8re \u00e0 en garantir l&rsquo;int\u00e9grit\u00e9, la confidentialit\u00e9 et la s\u00e9curit\u00e9.<\/span><br \/>\n<span style=\"font-weight: 400;\">Vos donn\u00e9es ne seront pas transf\u00e9r\u00e9es \u00e0 des fins autres que celles d\u00e9crites dans la pr\u00e9sente politique, sous r\u00e9serve de l&rsquo;obtention de votre consentement, qui peut \u00eatre retir\u00e9 \u00e0 tout moment.<\/span><\/p>\n<h4><b>Combien de temps conservez-vous les informations personnelles ?<\/b><\/h4>\n<p><span style=\"font-weight: 400;\">Renovation Partner peut communiquer vos donn\u00e9es personnelles \u00e0 ses prestataires techniques et partenaires, dont l&rsquo;intervention est strictement n\u00e9cessaire pour atteindre l&rsquo;une des finalit\u00e9s mentionn\u00e9es ci-dessus. Renovation Partner s&rsquo;assure que ces tiers traitent vos donn\u00e9es de mani\u00e8re \u00e0 en garantir l&rsquo;int\u00e9grit\u00e9, la confidentialit\u00e9 et la s\u00e9curit\u00e9.<\/span><\/p>\n<p><span style=\"font-weight: 400;\">Vos donn\u00e9es ne seront pas transf\u00e9r\u00e9es \u00e0 des fins autres que celles d\u00e9crites dans la pr\u00e9sente politique, sous r\u00e9serve de l&rsquo;obtention de votre consentement, qui peut \u00eatre retir\u00e9 \u00e0 tout moment.<\/span><\/p>\n<h4><b>Combien de temps conservez-vous les informations personnelles ?<\/b><\/h4>\n<p><span style=\"font-weight: 400;\">Vos donn\u00e9es personnelles peuvent \u00eatre conserv\u00e9es pendant la p\u00e9riode n\u00e9cessaire \u00e0 la r\u00e9alisation de la finalit\u00e9 pour laquelle elles ont \u00e9t\u00e9 collect\u00e9es, comme mentionn\u00e9 ci-dessous.<\/span><\/p>\n<p><span style=\"font-weight: 400;\">Les donn\u00e9es sont conserv\u00e9es dans le cycle suivant :<\/span><\/p>\n<ul>\n<li>Les donn\u00e9es n\u00e9cessaires \u00e0 la constitution du dossier, \u00e0 l&rsquo;ex\u00e9cution du service et au suivi du dossier ont une dur\u00e9e de conservation \u00e9gale \u00e0 2 ans apr\u00e8s la derni\u00e8re interaction de l&rsquo;utilisateur avec nos applications. Ce d\u00e9lai est r\u00e9duit \u00e0 1 an lorsque l&rsquo;Utilisateur n&rsquo;a pas finalis\u00e9 son dossier.<\/li>\n<li>L&rsquo;acc\u00e8s \u00e0 ces donn\u00e9es est alors r\u00e9duit pour une p\u00e9riode de 3 ans : archiv\u00e9es dans un environnement cloisonn\u00e9, seul un nombre limit\u00e9 d&rsquo;administrateurs peut y acc\u00e9der.<\/li>\n<li>Pass\u00e9 ce d\u00e9lai, les donn\u00e9es sont anonymis\u00e9es \u00e0 des fins d&rsquo;analyse statistique ou de recherche et d\u00e9veloppement, \u00e0 l&rsquo;exception de celles n\u00e9cessaires au respect de l&rsquo;obligation l\u00e9gale de conservation, notamment les factures \u00e9mises par la Soci\u00e9t\u00e9 au Client.<\/li>\n<\/ul>\n<h4><b>Comment les donn\u00e9es sont-elles s\u00e9curis\u00e9es ?<\/b><\/h4>\n<p><span style=\"font-weight: 400;\">Renovation Partner assure la s\u00e9curit\u00e9 de vos donn\u00e9es en mettant en \u0153uvre une protection renforc\u00e9e des donn\u00e9es par l&rsquo;utilisation de mesures de s\u00e9curit\u00e9 physiques et logiques afin de garantir l&rsquo;int\u00e9grit\u00e9 de vos donn\u00e9es et leur traitement confidentiel et s\u00e9curis\u00e9.<\/span><span style=\"font-weight: 400;\"><\/span><\/p>\n<h4><b>Utilisation des cookies<\/b><\/h4>\n<p><span style=\"font-weight: 400;\">Dans le cadre de l&rsquo;utilisation du Service, des cookies sont d\u00e9pos\u00e9s. Les conditions de fonctionnement et d&rsquo;utilisation de ces cookies sont d\u00e9crites dans la politique de gestion des cookies, accessible <a href=\"https:\/\/www.demanderjustice.com\/politique-sur-usage-des-cookies\">ici.<\/a><\/span><\/p>\n<h4><b>Quels sont vos droits et comment les exercer ?<\/b><\/h4>\n<p><span style=\"font-weight: 400;\">Conform\u00e9ment aux articles 15 \u00e0 22 du RGPD, vous disposez des droits suivants sur les donn\u00e9es vous concernant :<\/span><\/p>\n<ul>\n<li><span style=\"font-weight: 400;\">Droit d&rsquo;acc\u00e8s ; <\/span><\/li>\n<li><span style=\"font-weight: 400;\">Droit de rectification et d&rsquo;effacement ;<\/span><\/li>\n<li><span style=\"font-weight: 400;\">Droit \u00e0 la limitation du traitement ; &#8211; Droit \u00e0 la portabilit\u00e9 des donn\u00e9es ;<\/span><\/li>\n<li><span style=\"font-weight: 400;\">Droit d&rsquo;opposition ;<\/span><\/li>\n<li><span style=\"font-weight: 400;\">Droit de ne pas faire l&rsquo;objet d&rsquo;une d\u00e9cision fond\u00e9e exclusivement sur un traitement automatis\u00e9 ; <\/span><\/li>\n<li><span style=\"font-weight: 400;\">Droit de retirer votre consentement au traitement de vos donn\u00e9es personnelles, sans que cela n&rsquo;affecte la l\u00e9galit\u00e9 du traitement fond\u00e9 sur le consentement effectu\u00e9 avant le retrait du consentement ; et <\/span><\/li>\n<li><span style=\"font-weight: 400;\">Droit d&rsquo;introduire une plainte aupr\u00e8s d&rsquo;une autorit\u00e9 de contr\u00f4le, en France : la Commission Nationale de l&rsquo;Informatique et des Libert\u00e9s (\u00ab\u00a0CNIL\u00a0\u00bb).<\/span><\/li>\n<\/ul>\n<p><span style=\"font-weight: 400;\">Les clients peuvent \u00e0 tout moment demander l&rsquo;acc\u00e8s \u00e0 leurs donn\u00e9es personnelles, leur rectification ou leur suppression, ou restreindre le traitement des informations que nous avons recueillies. Afin de nous permettre de tenir \u00e0 jour les donn\u00e9es personnelles, nous recommandons aux utilisateurs de nous informer de toute modification ou inexactitude. Afin de consulter et\/ou modifier leurs donn\u00e9es personnelles, de recevoir des informations sur la dur\u00e9e de conservation de celles-ci par Renovation Partner, ou pour toute demande de renseignements concernant l&rsquo;\u00e9ventuel stockage ou traitement de leurs donn\u00e9es personnelles, les Utilisateurs peuvent contacter notre DPD (d\u00e9l\u00e9gu\u00e9 \u00e0 la protection des donn\u00e9es) : \u00e0 l&rsquo;adresse \u00e9lectronique suivante : contact@renovation-partner.com . La Soci\u00e9t\u00e9 veillera \u00e0 r\u00e9pondre \u00e0 la demande dans les meilleurs d\u00e9lais et, en tout \u00e9tat de cause, dans les d\u00e9lais fix\u00e9s par les lois et r\u00e8glements applicables. <\/span>[\/et_pb_text][\/et_pb_column][\/et_pb_row][\/et_pb_section]<\/p>\n<span class=\"et_bloom_bottom_trigger\"><\/span>","protected":false},"excerpt":{"rendered":"<p>Politique de confidentialit\u00e9 et de protection des donn\u00e9es Le site renovation-partner.com est \u00e9dit\u00e9 par la soci\u00e9t\u00e9 RENOVATION PARTNER, soci\u00e9t\u00e9 en cours d&rsquo;immatriculation et dont le si\u00e8ge social est situ\u00e9 au 51 rue Amp\u00e8re &#8211; 75017 Paris. RENOVATION PARTNER est soucieux de la protection des donn\u00e9es personnelles. La pr\u00e9sente politique de protection des donn\u00e9es personnelles (ci-apr\u00e8s [&hellip;]<\/p>\n","protected":false},"author":1,"featured_media":0,"parent":0,"menu_order":36,"comment_status":"closed","ping_status":"closed","template":"","meta":{"_et_pb_use_builder":"on","_et_pb_old_content":"","_et_gb_content_width":"","content-type":""},"dipi_cpt_category":[],"acf":[],"yoast_head":"<!-- This site is optimized with the Yoast SEO plugin v21.1 - https:\/\/yoast.com\/wordpress\/plugins\/seo\/ -->\n<title>Politique de confidentialit\u00e9 - R\u00e9novation Partner<\/title>\n<meta name=\"description\" content=\"Politique de confidentialit\u00e9 - R\u00e9novation Partner\" \/>\n<meta name=\"robots\" content=\"index, nofollow, max-snippet:-1, max-image-preview:large, max-video-preview:-1\" \/>\n<link rel=\"canonical\" href=\"https:\/\/renovation-partner.com\/fr\/politique-de-confidentialite\/\" \/>\n<meta property=\"og:locale\" content=\"fr_FR\" \/>\n<meta property=\"og:type\" content=\"article\" \/>\n<meta property=\"og:title\" content=\"Politique de confidentialit\u00e9 - R\u00e9novation Partner\" \/>\n<meta property=\"og:description\" content=\"Politique de confidentialit\u00e9 - R\u00e9novation Partner\" \/>\n<meta property=\"og:url\" content=\"https:\/\/renovation-partner.com\/fr\/politique-de-confidentialite\/\" \/>\n<meta property=\"og:site_name\" content=\"Renovation Partner\" \/>\n<meta property=\"article:modified_time\" content=\"2022-11-18T10:08:13+00:00\" \/>\n<meta name=\"twitter:card\" content=\"summary_large_image\" \/>\n<!-- \/ Yoast SEO plugin. -->","yoast_head_json":{"title":"Politique de confidentialit\u00e9 - R\u00e9novation Partner","description":"Politique de confidentialit\u00e9 - R\u00e9novation Partner","robots":{"index":"index","follow":"nofollow","max-snippet":"max-snippet:-1","max-image-preview":"max-image-preview:large","max-video-preview":"max-video-preview:-1"},"canonical":"https:\/\/renovation-partner.com\/fr\/politique-de-confidentialite\/","og_locale":"fr_FR","og_type":"article","og_title":"Politique de confidentialit\u00e9 - R\u00e9novation Partner","og_description":"Politique de confidentialit\u00e9 - R\u00e9novation Partner","og_url":"https:\/\/renovation-partner.com\/fr\/politique-de-confidentialite\/","og_site_name":"Renovation Partner","article_modified_time":"2022-11-18T10:08:13+00:00","twitter_card":"summary_large_image","schema":{"@context":"https:\/\/schema.org","@graph":[{"@type":"WebPage","@id":"https:\/\/renovation-partner.com\/fr\/politique-de-confidentialite\/","url":"https:\/\/renovation-partner.com\/fr\/politique-de-confidentialite\/","name":"Politique de confidentialit\u00e9 - R\u00e9novation Partner","isPartOf":{"@id":"https:\/\/renovation-partner.com\/fr\/#website"},"datePublished":"2021-02-27T14:37:41+00:00","dateModified":"2022-11-18T10:08:13+00:00","description":"Politique de confidentialit\u00e9 - R\u00e9novation Partner","breadcrumb":{"@id":"https:\/\/renovation-partner.com\/fr\/politique-de-confidentialite\/#breadcrumb"},"inLanguage":"fr-FR","potentialAction":[{"@type":"ReadAction","target":["https:\/\/renovation-partner.com\/fr\/politique-de-confidentialite\/"]}]},{"@type":"BreadcrumbList","@id":"https:\/\/renovation-partner.com\/fr\/politique-de-confidentialite\/#breadcrumb","itemListElement":[{"@type":"ListItem","position":1,"name":"Accueil","item":"https:\/\/renovation-partner.com\/fr\/"},{"@type":"ListItem","position":2,"name":"Politique de confidentialit\u00e9"}]},{"@type":"WebSite","@id":"https:\/\/renovation-partner.com\/fr\/#website","url":"https:\/\/renovation-partner.com\/fr\/","name":"Renovation Partner","description":"Renovation Partner","publisher":{"@id":"https:\/\/renovation-partner.com\/fr\/#organization"},"potentialAction":[{"@type":"SearchAction","target":{"@type":"EntryPoint","urlTemplate":"https:\/\/renovation-partner.com\/fr\/?s={search_term_string}"},"query-input":"required name=search_term_string"}],"inLanguage":"fr-FR"},{"@type":"Organization","@id":"https:\/\/renovation-partner.com\/fr\/#organization","name":"Success In Franchising","url":"https:\/\/renovation-partner.com\/fr\/","logo":{"@type":"ImageObject","inLanguage":"fr-FR","@id":"https:\/\/renovation-partner.com\/fr\/#\/schema\/logo\/image\/","url":"https:\/\/renovation-partner.com\/wp-content\/uploads\/2022\/06\/sif-partage.jpg","contentUrl":"https:\/\/renovation-partner.com\/wp-content\/uploads\/2022\/06\/sif-partage.jpg","width":1200,"height":630,"caption":"Success In Franchising"},"image":{"@id":"https:\/\/renovation-partner.com\/fr\/#\/schema\/logo\/image\/"}}]}},"_links":{"self":[{"href":"https:\/\/renovation-partner.com\/fr\/wp-json\/wp\/v2\/pages\/53793"}],"collection":[{"href":"https:\/\/renovation-partner.com\/fr\/wp-json\/wp\/v2\/pages"}],"about":[{"href":"https:\/\/renovation-partner.com\/fr\/wp-json\/wp\/v2\/types\/page"}],"author":[{"embeddable":true,"href":"https:\/\/renovation-partner.com\/fr\/wp-json\/wp\/v2\/users\/1"}],"replies":[{"embeddable":true,"href":"https:\/\/renovation-partner.com\/fr\/wp-json\/wp\/v2\/comments?post=53793"}],"version-history":[{"count":4,"href":"https:\/\/renovation-partner.com\/fr\/wp-json\/wp\/v2\/pages\/53793\/revisions"}],"predecessor-version":[{"id":54555,"href":"https:\/\/renovation-partner.com\/fr\/wp-json\/wp\/v2\/pages\/53793\/revisions\/54555"}],"wp:attachment":[{"href":"https:\/\/renovation-partner.com\/fr\/wp-json\/wp\/v2\/media?parent=53793"}],"wp:term":[{"taxonomy":"dipi_cpt_category","embeddable":true,"href":"https:\/\/renovation-partner.com\/fr\/wp-json\/wp\/v2\/dipi_cpt_category?post=53793"}],"curies":[{"name":"wp","href":"https:\/\/api.w.org\/{rel}","templated":true}]}}